{"id":1010,"date":"2016-05-05T07:17:16","date_gmt":"2016-05-05T07:17:16","guid":{"rendered":"http:\/\/temp.autex-int.com\/politica-de-privacidad\/?lang=fr"},"modified":"2025-05-07T09:44:21","modified_gmt":"2025-05-07T09:44:21","slug":"politica-de-privacidad","status":"publish","type":"page","link":"https:\/\/autex-int.com\/fr\/politica-de-privacidad\/","title":{"rendered":"Politique de confidentialit\u00e9"},"content":{"rendered":"<div id='av_section_1'  class='avia-section av-av_section-d18d8c2c81d10022ebd21ffa95322c35 main_color avia-section-default avia-no-shadow  avia-builder-el-0  avia-builder-el-no-sibling  avia-bg-style-scroll container_wrap sidebar_right'  ><div class='container av-section-cont-open' ><main  role=\"main\" itemprop=\"mainContentOfPage\"  class='template-page content  av-content-small alpha units'><div class='post-entry post-entry-type-page post-entry-1010'><div class='entry-content-wrapper clearfix'>\n\n<style type=\"text\/css\" data-created_by=\"avia_inline_auto\" id=\"style-css-av-av_heading-fe8dfca44639067d30e05d8858d76067\">\n#top .av-special-heading.av-av_heading-fe8dfca44639067d30e05d8858d76067{\npadding-bottom:10px;\n}\nbody .av-special-heading.av-av_heading-fe8dfca44639067d30e05d8858d76067 .av-special-heading-tag .heading-char{\nfont-size:25px;\n}\n.av-special-heading.av-av_heading-fe8dfca44639067d30e05d8858d76067 .av-subheading{\nfont-size:15px;\n}\n<\/style>\n<div  class='av-special-heading av-av_heading-fe8dfca44639067d30e05d8858d76067 av-special-heading-h1 blockquote modern-quote modern-centered  avia-builder-el-1  el_before_av_hr  avia-builder-el-first '><h1 class='av-special-heading-tag '  itemprop=\"headline\"  >Privacy policy<\/h1><div class=\"special-heading-border\"><div class=\"special-heading-inner-border\"><\/div><\/div><\/div>\n\n<style type=\"text\/css\" data-created_by=\"avia_inline_auto\" id=\"style-css-av-av_hr-1560085d45af0b737bcb39cd6e0199f5\">\n#top .hr.av-av_hr-1560085d45af0b737bcb39cd6e0199f5{\nmargin-top:5px;\nmargin-bottom:75px;\n}\n.hr.av-av_hr-1560085d45af0b737bcb39cd6e0199f5 .hr-inner{\nwidth:50px;\nborder-color:#e73977;\n}\n<\/style>\n<div  class='hr av-av_hr-1560085d45af0b737bcb39cd6e0199f5 hr-custom  avia-builder-el-2  el_after_av_heading  el_before_av_textblock  hr-center hr-icon-no'><span class='hr-inner inner-border-av-border-fat'><span class=\"hr-inner-style\"><\/span><\/span><\/div>\n<section  class='av_textblock_section av-madr4o76-663de23b2b3f6e305d0892b603c55dad '   itemscope=\"itemscope\" itemtype=\"https:\/\/schema.org\/CreativeWork\" ><div class='avia_textblock'  itemprop=\"text\" ><h4><span style=\"color: #333333;\">Politique de Confidentialit\u00e9<\/span><\/h4>\n<p><span style=\"color: #999999;\">Chez AUTEX INT SLL, nous nous engageons \u00e0 prot\u00e9ger votre vie priv\u00e9e et \u00e0 respecter le R\u00e8glement (UE) 2016\/679 (RGPD) et la Loi Organique 3\/2018 (LOPDGDD).<\/span><\/p>\n<h4><span style=\"color: #333333;\">Responsable du traitement<\/span><\/h4>\n<p><span style=\"color: #999999;\">AUTEX INT SLL<\/span><br \/>\n<span style=\"color: #999999;\">NIF : B63958078<\/span><br \/>\n<span style=\"color: #999999;\">Adresse : C\/ Can Negoci, 18, Pol. Ind. Can Negoci, 08310 Argentona (Barcelone), Espagne<\/span><br \/>\n<span style=\"color: #999999;\">Email : autex@autex-int.com<\/span><\/p>\n<h4><span style=\"color: #333333;\">Finalit\u00e9 du traitement<\/span><\/h4>\n<p><span style=\"color: #999999;\">Nous traitons vos donn\u00e9es personnelles pour :<\/span><\/p>\n<ul>\n<li><span style=\"color: #999999;\">R\u00e9pondre \u00e0 vos demandes ou questions via le formulaire ou par email.<\/span><\/li>\n<li><span style=\"color: #999999;\">G\u00e9rer la relation commerciale ou contractuelle.<\/span><\/li>\n<li><span style=\"color: #999999;\">Envoyer des communications commerciales sur nos produits ou services (avec votre consentement).<\/span><\/li>\n<\/ul>\n<h4><span style=\"color: #333333;\">Base l\u00e9gale<\/span><\/h4>\n<p><span style=\"color: #999999;\">Le traitement repose sur :<\/span><\/p>\n<ul>\n<li><span style=\"color: #999999;\">Votre consentement.<\/span><\/li>\n<li><span style=\"color: #999999;\">L\u2019ex\u00e9cution d\u2019un contrat ou de mesures pr\u00e9contractuelles.<\/span><\/li>\n<li><span style=\"color: #999999;\">Le respect d\u2019obligations l\u00e9gales.<\/span><\/li>\n<li><span style=\"color: #999999;\">L\u2019int\u00e9r\u00eat l\u00e9gitime du responsable.<\/span><\/li>\n<\/ul>\n<h4><span style=\"color: #333333;\">Dur\u00e9e de conservation<\/span><\/h4>\n<p><span style=\"color: #999999;\">Vos donn\u00e9es seront conserv\u00e9es aussi longtemps que n\u00e9cessaire pour atteindre les finalit\u00e9s du traitement et pour respecter les obligations l\u00e9gales.<\/span><\/p>\n<h4><span style=\"color: #333333;\">Destinataires<\/span><\/h4>\n<p><span style=\"color: #999999;\">Aucune donn\u00e9e ne sera transmise \u00e0 des tiers, sauf en cas d\u2019obligation l\u00e9gale ou de prestation de services essentiels (ex. services informatiques).<\/span><\/p>\n<h4><span style=\"color: #333333;\">Vos droits<\/span><\/h4>\n<p><span style=\"color: #999999;\">Vous pouvez exercer vos droits d\u2019acc\u00e8s, de rectification, d\u2019effacement, d\u2019opposition, de limitation et de portabilit\u00e9 en envoyant un email \u00e0 autex@autex-int.com, accompagn\u00e9 d\u2019une copie de votre pi\u00e8ce d\u2019identit\u00e9.<\/span><br \/>\n<span style=\"color: #999999;\">Vous pouvez \u00e9galement d\u00e9poser une plainte aupr\u00e8s de l\u2019Agence espagnole de protection des donn\u00e9es : www.aepd.es<\/span><\/p>\n<\/div><\/section>\n<\/div><\/div><\/main><!-- close content main element --><\/div><\/div><div id='after_section_1'  class='main_color av_default_container_wrap container_wrap sidebar_right'  ><div class='container av-section-cont-open' ><div class='template-page content  av-content-small alpha units'><div class='post-entry post-entry-type-page post-entry-1010'><div class='entry-content-wrapper clearfix'>\n","protected":false},"excerpt":{"rendered":"","protected":false},"author":1,"featured_media":0,"parent":0,"menu_order":0,"comment_status":"closed","ping_status":"closed","template":"","meta":{"footnotes":""},"class_list":["post-1010","page","type-page","status-publish","hentry"],"yoast_head":"<!-- This site is optimized with the Yoast SEO plugin v27.4 - https:\/\/yoast.com\/product\/yoast-seo-wordpress\/ -->\n<title>Politique de confidentialit\u00e9 - Autex-Int<\/title>\n<meta name=\"robots\" content=\"index, follow, max-snippet:-1, max-image-preview:large, max-video-preview:-1\" \/>\n<link rel=\"canonical\" href=\"https:\/\/autex-int.com\/fr\/politica-de-privacidad\/\" \/>\n<meta property=\"og:locale\" content=\"fr_FR\" \/>\n<meta property=\"og:type\" content=\"article\" \/>\n<meta property=\"og:title\" content=\"Politique de confidentialit\u00e9 - Autex-Int\" \/>\n<meta property=\"og:url\" content=\"https:\/\/autex-int.com\/fr\/politica-de-privacidad\/\" \/>\n<meta property=\"og:site_name\" content=\"Autex-Int\" \/>\n<meta property=\"article:modified_time\" content=\"2025-05-07T09:44:21+00:00\" \/>\n<meta name=\"twitter:card\" content=\"summary_large_image\" \/>\n<meta name=\"twitter:label1\" content=\"Dur\u00e9e de lecture estim\u00e9e\" \/>\n\t<meta name=\"twitter:data1\" content=\"3 minutes\" \/>\n<script type=\"application\/ld+json\" class=\"yoast-schema-graph\">{\"@context\":\"https:\\\/\\\/schema.org\",\"@graph\":[{\"@type\":\"WebPage\",\"@id\":\"https:\\\/\\\/autex-int.com\\\/fr\\\/politica-de-privacidad\\\/\",\"url\":\"https:\\\/\\\/autex-int.com\\\/fr\\\/politica-de-privacidad\\\/\",\"name\":\"Politique de confidentialit\u00e9 - Autex-Int\",\"isPartOf\":{\"@id\":\"https:\\\/\\\/autex-int.com\\\/#website\"},\"datePublished\":\"2016-05-05T07:17:16+00:00\",\"dateModified\":\"2025-05-07T09:44:21+00:00\",\"breadcrumb\":{\"@id\":\"https:\\\/\\\/autex-int.com\\\/fr\\\/politica-de-privacidad\\\/#breadcrumb\"},\"inLanguage\":\"fr-FR\",\"potentialAction\":[{\"@type\":\"ReadAction\",\"target\":[\"https:\\\/\\\/autex-int.com\\\/fr\\\/politica-de-privacidad\\\/\"]}]},{\"@type\":\"BreadcrumbList\",\"@id\":\"https:\\\/\\\/autex-int.com\\\/fr\\\/politica-de-privacidad\\\/#breadcrumb\",\"itemListElement\":[{\"@type\":\"ListItem\",\"position\":1,\"name\":\"Portada\",\"item\":\"https:\\\/\\\/autex-int.com\\\/fr\\\/home\\\/\"},{\"@type\":\"ListItem\",\"position\":2,\"name\":\"Politique de confidentialit\u00e9\"}]},{\"@type\":\"WebSite\",\"@id\":\"https:\\\/\\\/autex-int.com\\\/#website\",\"url\":\"https:\\\/\\\/autex-int.com\\\/\",\"name\":\"Autex-Int\",\"description\":\"\",\"potentialAction\":[{\"@type\":\"SearchAction\",\"target\":{\"@type\":\"EntryPoint\",\"urlTemplate\":\"https:\\\/\\\/autex-int.com\\\/?s={search_term_string}\"},\"query-input\":{\"@type\":\"PropertyValueSpecification\",\"valueRequired\":true,\"valueName\":\"search_term_string\"}}],\"inLanguage\":\"fr-FR\"}]}<\/script>\n<!-- \/ Yoast SEO plugin. -->","yoast_head_json":{"title":"Politique de confidentialit\u00e9 - Autex-Int","robots":{"index":"index","follow":"follow","max-snippet":"max-snippet:-1","max-image-preview":"max-image-preview:large","max-video-preview":"max-video-preview:-1"},"canonical":"https:\/\/autex-int.com\/fr\/politica-de-privacidad\/","og_locale":"fr_FR","og_type":"article","og_title":"Politique de confidentialit\u00e9 - Autex-Int","og_url":"https:\/\/autex-int.com\/fr\/politica-de-privacidad\/","og_site_name":"Autex-Int","article_modified_time":"2025-05-07T09:44:21+00:00","twitter_card":"summary_large_image","twitter_misc":{"Dur\u00e9e de lecture estim\u00e9e":"3 minutes"},"schema":{"@context":"https:\/\/schema.org","@graph":[{"@type":"WebPage","@id":"https:\/\/autex-int.com\/fr\/politica-de-privacidad\/","url":"https:\/\/autex-int.com\/fr\/politica-de-privacidad\/","name":"Politique de confidentialit\u00e9 - Autex-Int","isPartOf":{"@id":"https:\/\/autex-int.com\/#website"},"datePublished":"2016-05-05T07:17:16+00:00","dateModified":"2025-05-07T09:44:21+00:00","breadcrumb":{"@id":"https:\/\/autex-int.com\/fr\/politica-de-privacidad\/#breadcrumb"},"inLanguage":"fr-FR","potentialAction":[{"@type":"ReadAction","target":["https:\/\/autex-int.com\/fr\/politica-de-privacidad\/"]}]},{"@type":"BreadcrumbList","@id":"https:\/\/autex-int.com\/fr\/politica-de-privacidad\/#breadcrumb","itemListElement":[{"@type":"ListItem","position":1,"name":"Portada","item":"https:\/\/autex-int.com\/fr\/home\/"},{"@type":"ListItem","position":2,"name":"Politique de confidentialit\u00e9"}]},{"@type":"WebSite","@id":"https:\/\/autex-int.com\/#website","url":"https:\/\/autex-int.com\/","name":"Autex-Int","description":"","potentialAction":[{"@type":"SearchAction","target":{"@type":"EntryPoint","urlTemplate":"https:\/\/autex-int.com\/?s={search_term_string}"},"query-input":{"@type":"PropertyValueSpecification","valueRequired":true,"valueName":"search_term_string"}}],"inLanguage":"fr-FR"}]}},"_links":{"self":[{"href":"https:\/\/autex-int.com\/fr\/wp-json\/wp\/v2\/pages\/1010","targetHints":{"allow":["GET"]}}],"collection":[{"href":"https:\/\/autex-int.com\/fr\/wp-json\/wp\/v2\/pages"}],"about":[{"href":"https:\/\/autex-int.com\/fr\/wp-json\/wp\/v2\/types\/page"}],"author":[{"embeddable":true,"href":"https:\/\/autex-int.com\/fr\/wp-json\/wp\/v2\/users\/1"}],"replies":[{"embeddable":true,"href":"https:\/\/autex-int.com\/fr\/wp-json\/wp\/v2\/comments?post=1010"}],"version-history":[{"count":0,"href":"https:\/\/autex-int.com\/fr\/wp-json\/wp\/v2\/pages\/1010\/revisions"}],"wp:attachment":[{"href":"https:\/\/autex-int.com\/fr\/wp-json\/wp\/v2\/media?parent=1010"}],"curies":[{"name":"wp","href":"https:\/\/api.w.org\/{rel}","templated":true}]}}