{"id":56894,"date":"2024-03-08T10:00:01","date_gmt":"2024-03-08T10:00:01","guid":{"rendered":"https:\/\/autex-int.com\/?page_id=56894"},"modified":"2024-03-09T15:45:58","modified_gmt":"2024-03-09T15:45:58","slug":"opportunite","status":"publish","type":"page","link":"https:\/\/autex-int.com\/fr\/opportunite\/","title":{"rendered":"Opportunit\u00e9"},"content":{"rendered":"<section  class='av_textblock_section av-ltk9cgag-1a769c0f93689e5c225b7d4b8685882f '   itemscope=\"itemscope\" itemtype=\"https:\/\/schema.org\/CreativeWork\" ><div class='avia_textblock'  itemprop=\"text\" ><p>La page peut ne pas \u00eatre \u00e0 jour, veuillez nous contacter si vous \u00eates int\u00e9ress\u00e9 par une machine d\u2019occasion en cliquant <a href=\"https:\/\/autex-int.com\/contacto\/\"><span style=\"color: #0000ff;\">ici&gt;<\/span><\/a><\/p>\n<\/div><\/section>\n\n<style type=\"text\/css\" data-created_by=\"avia_inline_auto\" id=\"style-css-av-ltihm72n-642921c32328862d02ffea9753474a3d\">\n#top .avia-gallery.av-ltihm72n-642921c32328862d02ffea9753474a3d .avia-gallery-thumb a{\nwidth:20%;\n}\n<\/style>\n<div  class='avia-gallery av-ltihm72n-642921c32328862d02ffea9753474a3d avia_animate_when_visible  avia-builder-el-1  el_after_av_textblock  avia-builder-el-last  avia_lazyload avia-gallery-animate avia-gallery-1'  itemprop=\"image\" itemscope=\"itemscope\" itemtype=\"https:\/\/schema.org\/ImageObject\" ><meta itemprop=\"contentURL\" content=\"https:\/\/autex-int.com\/fr\/opportunite\/\"><div class='avia-gallery-thumb'><a href=\"https:\/\/autex-int.com\/wp-content\/uploads\/2015\/10\/house-wire-model-fade-white-1030x745.png\" data-srcset=\"https:\/\/autex-int.com\/wp-content\/uploads\/2015\/10\/house-wire-model-fade-white-1030x745.png 1030w, https:\/\/autex-int.com\/wp-content\/uploads\/2015\/10\/house-wire-model-fade-white-300x217.png 300w, https:\/\/autex-int.com\/wp-content\/uploads\/2015\/10\/house-wire-model-fade-white-768x556.png 768w, https:\/\/autex-int.com\/wp-content\/uploads\/2015\/10\/house-wire-model-fade-white-1500x1085.png 1500w, https:\/\/autex-int.com\/wp-content\/uploads\/2015\/10\/house-wire-model-fade-white-705x510.png 705w, https:\/\/autex-int.com\/wp-content\/uploads\/2015\/10\/house-wire-model-fade-white-450x326.png 450w, https:\/\/autex-int.com\/wp-content\/uploads\/2015\/10\/house-wire-model-fade-white.png 1663w\" data-sizes=\"(max-width: 1030px) 100vw, 1030px\" data-rel='gallery-1' data-prev-img='https:\/\/autex-int.com\/wp-content\/uploads\/2015\/10\/house-wire-model-fade-white-495x400.png' class='first_thumb lightbox ' data-onclick='1' title='house-wire-model-fade-white'  itemprop=\"thumbnailUrl\"  ><img decoding=\"async\" fetchpriority=\"high\" class=\"wp-image-88 avia-img-lazy-loading-not-88\"   src=\"https:\/\/autex-int.com\/wp-content\/uploads\/2015\/10\/house-wire-model-fade-white-495x400.png\" width=\"495\" height=\"400\"  title='house-wire-model-fade-white' alt='' srcset=\"https:\/\/autex-int.com\/wp-content\/uploads\/2015\/10\/house-wire-model-fade-white-495x400.png 495w, https:\/\/autex-int.com\/wp-content\/uploads\/2015\/10\/house-wire-model-fade-white-845x684.png 845w\" sizes=\"(max-width: 495px) 100vw, 495px\" \/><div class='big-prev-fake'><img decoding=\"async\" loading=\"lazy\" class=\"wp-image-88 avia-img-lazy-loading-88\"  width=\"495\" height=\"400\" src=\"https:\/\/autex-int.com\/wp-content\/uploads\/2015\/10\/house-wire-model-fade-white-495x400.png\" title='house-wire-model-fade-white' alt='' srcset=\"https:\/\/autex-int.com\/wp-content\/uploads\/2015\/10\/house-wire-model-fade-white-495x400.png 495w, https:\/\/autex-int.com\/wp-content\/uploads\/2015\/10\/house-wire-model-fade-white-845x684.png 845w\" sizes=\"auto, (max-width: 495px) 100vw, 495px\" \/><\/div><\/a><a href=\"https:\/\/autex-int.com\/wp-content\/uploads\/2015\/10\/house-wire-model-fade-white-1030x745.png\" data-srcset=\"https:\/\/autex-int.com\/wp-content\/uploads\/2015\/10\/house-wire-model-fade-white-1030x745.png 1030w, https:\/\/autex-int.com\/wp-content\/uploads\/2015\/10\/house-wire-model-fade-white-300x217.png 300w, https:\/\/autex-int.com\/wp-content\/uploads\/2015\/10\/house-wire-model-fade-white-768x556.png 768w, https:\/\/autex-int.com\/wp-content\/uploads\/2015\/10\/house-wire-model-fade-white-1500x1085.png 1500w, https:\/\/autex-int.com\/wp-content\/uploads\/2015\/10\/house-wire-model-fade-white-705x510.png 705w, https:\/\/autex-int.com\/wp-content\/uploads\/2015\/10\/house-wire-model-fade-white-450x326.png 450w, https:\/\/autex-int.com\/wp-content\/uploads\/2015\/10\/house-wire-model-fade-white.png 1663w\" data-sizes=\"(max-width: 1030px) 100vw, 1030px\" data-rel='gallery-1' data-prev-img='https:\/\/autex-int.com\/wp-content\/uploads\/2015\/10\/house-wire-model-fade-white-495x400.png' class='lightbox ' data-onclick='2' title='house-wire-model-fade-white'  itemprop=\"thumbnailUrl\"  ><img decoding=\"async\" fetchpriority=\"high\" class=\"wp-image-54766 avia-img-lazy-loading-not-54766\"   src=\"https:\/\/autex-int.com\/wp-content\/uploads\/2015\/10\/house-wire-model-fade-white-495x400.png\" width=\"495\" height=\"400\"  title='house-wire-model-fade-white' alt='' srcset=\"https:\/\/autex-int.com\/wp-content\/uploads\/2015\/10\/house-wire-model-fade-white-495x400.png 495w, https:\/\/autex-int.com\/wp-content\/uploads\/2015\/10\/house-wire-model-fade-white-845x684.png 845w\" sizes=\"(max-width: 495px) 100vw, 495px\" \/><div class='big-prev-fake'><img decoding=\"async\" loading=\"lazy\" class=\"wp-image-54766 avia-img-lazy-loading-54766\"  width=\"495\" height=\"400\" src=\"https:\/\/autex-int.com\/wp-content\/uploads\/2015\/10\/house-wire-model-fade-white-495x400.png\" title='house-wire-model-fade-white' alt='' srcset=\"https:\/\/autex-int.com\/wp-content\/uploads\/2015\/10\/house-wire-model-fade-white-495x400.png 495w, https:\/\/autex-int.com\/wp-content\/uploads\/2015\/10\/house-wire-model-fade-white-845x684.png 845w\" sizes=\"auto, (max-width: 495px) 100vw, 495px\" \/><\/div><\/a><a href=\"https:\/\/autex-int.com\/wp-content\/uploads\/2015\/10\/house-wire-model-fade-white-1030x745.png\" data-srcset=\"https:\/\/autex-int.com\/wp-content\/uploads\/2015\/10\/house-wire-model-fade-white-1030x745.png 1030w, https:\/\/autex-int.com\/wp-content\/uploads\/2015\/10\/house-wire-model-fade-white-300x217.png 300w, https:\/\/autex-int.com\/wp-content\/uploads\/2015\/10\/house-wire-model-fade-white-768x556.png 768w, https:\/\/autex-int.com\/wp-content\/uploads\/2015\/10\/house-wire-model-fade-white-1500x1085.png 1500w, https:\/\/autex-int.com\/wp-content\/uploads\/2015\/10\/house-wire-model-fade-white-705x510.png 705w, https:\/\/autex-int.com\/wp-content\/uploads\/2015\/10\/house-wire-model-fade-white-450x326.png 450w, https:\/\/autex-int.com\/wp-content\/uploads\/2015\/10\/house-wire-model-fade-white.png 1663w\" data-sizes=\"(max-width: 1030px) 100vw, 1030px\" data-rel='gallery-1' data-prev-img='https:\/\/autex-int.com\/wp-content\/uploads\/2015\/10\/house-wire-model-fade-white-495x400.png' class='lightbox ' data-onclick='3' title='house-wire-model-fade-white'  itemprop=\"thumbnailUrl\"  ><img decoding=\"async\" fetchpriority=\"high\" class=\"wp-image-54767 avia-img-lazy-loading-not-54767\"   src=\"https:\/\/autex-int.com\/wp-content\/uploads\/2015\/10\/house-wire-model-fade-white-495x400.png\" width=\"495\" height=\"400\"  title='house-wire-model-fade-white' alt='' srcset=\"https:\/\/autex-int.com\/wp-content\/uploads\/2015\/10\/house-wire-model-fade-white-495x400.png 495w, https:\/\/autex-int.com\/wp-content\/uploads\/2015\/10\/house-wire-model-fade-white-845x684.png 845w\" sizes=\"(max-width: 495px) 100vw, 495px\" \/><div class='big-prev-fake'><img decoding=\"async\" loading=\"lazy\" class=\"wp-image-54767 avia-img-lazy-loading-54767\"  width=\"495\" height=\"400\" src=\"https:\/\/autex-int.com\/wp-content\/uploads\/2015\/10\/house-wire-model-fade-white-495x400.png\" title='house-wire-model-fade-white' alt='' srcset=\"https:\/\/autex-int.com\/wp-content\/uploads\/2015\/10\/house-wire-model-fade-white-495x400.png 495w, https:\/\/autex-int.com\/wp-content\/uploads\/2015\/10\/house-wire-model-fade-white-845x684.png 845w\" sizes=\"auto, (max-width: 495px) 100vw, 495px\" \/><\/div><\/a><a href=\"https:\/\/autex-int.com\/wp-content\/uploads\/2015\/10\/house-interior-1030x592.jpg\" data-srcset=\"https:\/\/autex-int.com\/wp-content\/uploads\/2015\/10\/house-interior-1030x592.jpg 1030w, https:\/\/autex-int.com\/wp-content\/uploads\/2015\/10\/house-interior-300x173.jpg 300w, https:\/\/autex-int.com\/wp-content\/uploads\/2015\/10\/house-interior-768x442.jpg 768w, https:\/\/autex-int.com\/wp-content\/uploads\/2015\/10\/house-interior-1500x863.jpg 1500w, https:\/\/autex-int.com\/wp-content\/uploads\/2015\/10\/house-interior-705x405.jpg 705w, https:\/\/autex-int.com\/wp-content\/uploads\/2015\/10\/house-interior-450x259.jpg 450w, https:\/\/autex-int.com\/wp-content\/uploads\/2015\/10\/house-interior.jpg 1864w\" data-sizes=\"(max-width: 1030px) 100vw, 1030px\" data-rel='gallery-1' data-prev-img='https:\/\/autex-int.com\/wp-content\/uploads\/2015\/10\/house-interior-495x400.jpg' class='lightbox ' data-onclick='4' title='Superb house interior'  itemprop=\"thumbnailUrl\"  ><img decoding=\"async\" fetchpriority=\"high\" class=\"wp-image-226 avia-img-lazy-loading-not-226\"  data-avia-tooltip='Superb house interior' src=\"https:\/\/autex-int.com\/wp-content\/uploads\/2015\/10\/house-interior-495x400.jpg\" width=\"495\" height=\"400\"  title='House interior' alt='' srcset=\"https:\/\/autex-int.com\/wp-content\/uploads\/2015\/10\/house-interior-495x400.jpg 495w, https:\/\/autex-int.com\/wp-content\/uploads\/2015\/10\/house-interior-845x684.jpg 845w\" sizes=\"(max-width: 495px) 100vw, 495px\" \/><div class='big-prev-fake'><img decoding=\"async\" loading=\"lazy\" class=\"wp-image-226 avia-img-lazy-loading-226\"  width=\"495\" height=\"400\" src=\"https:\/\/autex-int.com\/wp-content\/uploads\/2015\/10\/house-interior-495x400.jpg\" title='House interior' alt='' srcset=\"https:\/\/autex-int.com\/wp-content\/uploads\/2015\/10\/house-interior-495x400.jpg 495w, https:\/\/autex-int.com\/wp-content\/uploads\/2015\/10\/house-interior-845x684.jpg 845w\" sizes=\"auto, (max-width: 495px) 100vw, 495px\" \/><\/div><\/a><a href=\"https:\/\/autex-int.com\/wp-content\/uploads\/2015\/10\/house-interior-1030x592.jpg\" data-srcset=\"https:\/\/autex-int.com\/wp-content\/uploads\/2015\/10\/house-interior-1030x592.jpg 1030w, https:\/\/autex-int.com\/wp-content\/uploads\/2015\/10\/house-interior-300x173.jpg 300w, https:\/\/autex-int.com\/wp-content\/uploads\/2015\/10\/house-interior-768x442.jpg 768w, https:\/\/autex-int.com\/wp-content\/uploads\/2015\/10\/house-interior-1500x863.jpg 1500w, https:\/\/autex-int.com\/wp-content\/uploads\/2015\/10\/house-interior-705x405.jpg 705w, https:\/\/autex-int.com\/wp-content\/uploads\/2015\/10\/house-interior-450x259.jpg 450w, https:\/\/autex-int.com\/wp-content\/uploads\/2015\/10\/house-interior.jpg 1864w\" data-sizes=\"(max-width: 1030px) 100vw, 1030px\" data-rel='gallery-1' data-prev-img='https:\/\/autex-int.com\/wp-content\/uploads\/2015\/10\/house-interior-495x400.jpg' class='lightbox ' data-onclick='5' title='Superb house interior'  itemprop=\"thumbnailUrl\"  ><img decoding=\"async\" fetchpriority=\"high\" class=\"wp-image-54770 avia-img-lazy-loading-not-54770\"  data-avia-tooltip='Superb house interior' src=\"https:\/\/autex-int.com\/wp-content\/uploads\/2015\/10\/house-interior-495x400.jpg\" width=\"495\" height=\"400\"  title='House interior' alt='' srcset=\"https:\/\/autex-int.com\/wp-content\/uploads\/2015\/10\/house-interior-495x400.jpg 495w, https:\/\/autex-int.com\/wp-content\/uploads\/2015\/10\/house-interior-845x684.jpg 845w\" sizes=\"(max-width: 495px) 100vw, 495px\" \/><div class='big-prev-fake'><img decoding=\"async\" loading=\"lazy\" class=\"wp-image-54770 avia-img-lazy-loading-54770\"  width=\"495\" height=\"400\" src=\"https:\/\/autex-int.com\/wp-content\/uploads\/2015\/10\/house-interior-495x400.jpg\" title='House interior' alt='' srcset=\"https:\/\/autex-int.com\/wp-content\/uploads\/2015\/10\/house-interior-495x400.jpg 495w, https:\/\/autex-int.com\/wp-content\/uploads\/2015\/10\/house-interior-845x684.jpg 845w\" sizes=\"auto, (max-width: 495px) 100vw, 495px\" \/><\/div><\/a><\/div><\/div>\n","protected":false},"excerpt":{"rendered":"","protected":false},"author":2,"featured_media":0,"parent":0,"menu_order":0,"comment_status":"closed","ping_status":"closed","template":"","meta":{"footnotes":""},"class_list":["post-56894","page","type-page","status-publish","hentry"],"yoast_head":"<!-- This site is optimized with the Yoast SEO plugin v27.4 - https:\/\/yoast.com\/product\/yoast-seo-wordpress\/ -->\n<title>Opportunit\u00e9 - Autex-Int<\/title>\n<meta name=\"robots\" content=\"index, follow, max-snippet:-1, max-image-preview:large, max-video-preview:-1\" \/>\n<link rel=\"canonical\" href=\"https:\/\/autex-int.com\/fr\/opportunite\/\" \/>\n<meta property=\"og:locale\" content=\"fr_FR\" \/>\n<meta property=\"og:type\" content=\"article\" \/>\n<meta property=\"og:title\" content=\"Opportunit\u00e9 - Autex-Int\" \/>\n<meta property=\"og:url\" content=\"https:\/\/autex-int.com\/fr\/opportunite\/\" \/>\n<meta property=\"og:site_name\" content=\"Autex-Int\" \/>\n<meta property=\"article:modified_time\" content=\"2024-03-09T15:45:58+00:00\" \/>\n<meta name=\"twitter:card\" content=\"summary_large_image\" \/>\n<meta name=\"twitter:label1\" content=\"Dur\u00e9e de lecture estim\u00e9e\" \/>\n\t<meta name=\"twitter:data1\" content=\"3 minutes\" \/>\n<script type=\"application\/ld+json\" class=\"yoast-schema-graph\">{\"@context\":\"https:\\\/\\\/schema.org\",\"@graph\":[{\"@type\":\"WebPage\",\"@id\":\"https:\\\/\\\/autex-int.com\\\/fr\\\/opportunite\\\/\",\"url\":\"https:\\\/\\\/autex-int.com\\\/fr\\\/opportunite\\\/\",\"name\":\"Opportunit\u00e9 - Autex-Int\",\"isPartOf\":{\"@id\":\"https:\\\/\\\/autex-int.com\\\/#website\"},\"datePublished\":\"2024-03-08T10:00:01+00:00\",\"dateModified\":\"2024-03-09T15:45:58+00:00\",\"breadcrumb\":{\"@id\":\"https:\\\/\\\/autex-int.com\\\/fr\\\/opportunite\\\/#breadcrumb\"},\"inLanguage\":\"fr-FR\",\"potentialAction\":[{\"@type\":\"ReadAction\",\"target\":[\"https:\\\/\\\/autex-int.com\\\/fr\\\/opportunite\\\/\"]}]},{\"@type\":\"BreadcrumbList\",\"@id\":\"https:\\\/\\\/autex-int.com\\\/fr\\\/opportunite\\\/#breadcrumb\",\"itemListElement\":[{\"@type\":\"ListItem\",\"position\":1,\"name\":\"Portada\",\"item\":\"https:\\\/\\\/autex-int.com\\\/fr\\\/home\\\/\"},{\"@type\":\"ListItem\",\"position\":2,\"name\":\"Opportunit\u00e9\"}]},{\"@type\":\"WebSite\",\"@id\":\"https:\\\/\\\/autex-int.com\\\/#website\",\"url\":\"https:\\\/\\\/autex-int.com\\\/\",\"name\":\"Autex-Int\",\"description\":\"\",\"potentialAction\":[{\"@type\":\"SearchAction\",\"target\":{\"@type\":\"EntryPoint\",\"urlTemplate\":\"https:\\\/\\\/autex-int.com\\\/?s={search_term_string}\"},\"query-input\":{\"@type\":\"PropertyValueSpecification\",\"valueRequired\":true,\"valueName\":\"search_term_string\"}}],\"inLanguage\":\"fr-FR\"}]}<\/script>\n<!-- \/ Yoast SEO plugin. -->","yoast_head_json":{"title":"Opportunit\u00e9 - Autex-Int","robots":{"index":"index","follow":"follow","max-snippet":"max-snippet:-1","max-image-preview":"max-image-preview:large","max-video-preview":"max-video-preview:-1"},"canonical":"https:\/\/autex-int.com\/fr\/opportunite\/","og_locale":"fr_FR","og_type":"article","og_title":"Opportunit\u00e9 - Autex-Int","og_url":"https:\/\/autex-int.com\/fr\/opportunite\/","og_site_name":"Autex-Int","article_modified_time":"2024-03-09T15:45:58+00:00","twitter_card":"summary_large_image","twitter_misc":{"Dur\u00e9e de lecture estim\u00e9e":"3 minutes"},"schema":{"@context":"https:\/\/schema.org","@graph":[{"@type":"WebPage","@id":"https:\/\/autex-int.com\/fr\/opportunite\/","url":"https:\/\/autex-int.com\/fr\/opportunite\/","name":"Opportunit\u00e9 - Autex-Int","isPartOf":{"@id":"https:\/\/autex-int.com\/#website"},"datePublished":"2024-03-08T10:00:01+00:00","dateModified":"2024-03-09T15:45:58+00:00","breadcrumb":{"@id":"https:\/\/autex-int.com\/fr\/opportunite\/#breadcrumb"},"inLanguage":"fr-FR","potentialAction":[{"@type":"ReadAction","target":["https:\/\/autex-int.com\/fr\/opportunite\/"]}]},{"@type":"BreadcrumbList","@id":"https:\/\/autex-int.com\/fr\/opportunite\/#breadcrumb","itemListElement":[{"@type":"ListItem","position":1,"name":"Portada","item":"https:\/\/autex-int.com\/fr\/home\/"},{"@type":"ListItem","position":2,"name":"Opportunit\u00e9"}]},{"@type":"WebSite","@id":"https:\/\/autex-int.com\/#website","url":"https:\/\/autex-int.com\/","name":"Autex-Int","description":"","potentialAction":[{"@type":"SearchAction","target":{"@type":"EntryPoint","urlTemplate":"https:\/\/autex-int.com\/?s={search_term_string}"},"query-input":{"@type":"PropertyValueSpecification","valueRequired":true,"valueName":"search_term_string"}}],"inLanguage":"fr-FR"}]}},"_links":{"self":[{"href":"https:\/\/autex-int.com\/fr\/wp-json\/wp\/v2\/pages\/56894","targetHints":{"allow":["GET"]}}],"collection":[{"href":"https:\/\/autex-int.com\/fr\/wp-json\/wp\/v2\/pages"}],"about":[{"href":"https:\/\/autex-int.com\/fr\/wp-json\/wp\/v2\/types\/page"}],"author":[{"embeddable":true,"href":"https:\/\/autex-int.com\/fr\/wp-json\/wp\/v2\/users\/2"}],"replies":[{"embeddable":true,"href":"https:\/\/autex-int.com\/fr\/wp-json\/wp\/v2\/comments?post=56894"}],"version-history":[{"count":0,"href":"https:\/\/autex-int.com\/fr\/wp-json\/wp\/v2\/pages\/56894\/revisions"}],"wp:attachment":[{"href":"https:\/\/autex-int.com\/fr\/wp-json\/wp\/v2\/media?parent=56894"}],"curies":[{"name":"wp","href":"https:\/\/api.w.org\/{rel}","templated":true}]}}