{"id":58599,"date":"2025-05-07T08:44:11","date_gmt":"2025-05-07T08:44:11","guid":{"rendered":"https:\/\/autex-int.com\/?page_id=58599"},"modified":"2025-05-07T08:44:11","modified_gmt":"2025-05-07T08:44:11","slug":"avis-juridique","status":"publish","type":"page","link":"https:\/\/autex-int.com\/fr\/avis-juridique\/","title":{"rendered":"Avis juridique"},"content":{"rendered":"\n<style type=\"text\/css\" data-created_by=\"avia_inline_auto\" id=\"style-css-av-madoqc3l-b47684412ee4ebb710ced73b7d3fe659\">\n#top .av-special-heading.av-madoqc3l-b47684412ee4ebb710ced73b7d3fe659{\npadding-bottom:10px;\n}\nbody .av-special-heading.av-madoqc3l-b47684412ee4ebb710ced73b7d3fe659 .av-special-heading-tag .heading-char{\nfont-size:25px;\n}\n.av-special-heading.av-madoqc3l-b47684412ee4ebb710ced73b7d3fe659 .av-subheading{\nfont-size:15px;\n}\n<\/style>\n<div  class='av-special-heading av-madoqc3l-b47684412ee4ebb710ced73b7d3fe659 av-special-heading-h1 blockquote modern-quote modern-centered  avia-builder-el-0  el_before_av_textblock  avia-builder-el-first '><h1 class='av-special-heading-tag '  itemprop=\"headline\"  >MENTIONS L\u00c9GALES ET POLITIQUE DE CONFIDENTIALIT\u00c9<\/h1><div class=\"special-heading-border\"><div class=\"special-heading-inner-border\"><\/div><\/div><\/div>\n<section  class='av_textblock_section av-madovwoe-ea548b19b8c27b6122e5615f25072d3b '   itemscope=\"itemscope\" itemtype=\"https:\/\/schema.org\/CreativeWork\" ><div class='avia_textblock'  itemprop=\"text\" ><p><span style=\"color: #808080;\">Propri\u00e9t\u00e9 du site web<\/span><br \/>\n<span style=\"color: #999999;\">Conform\u00e9ment \u00e0 l&#8217;article 10 de la Loi 34\/2002 du 11 juillet relative aux services de la soci\u00e9t\u00e9 de l&#8217;information et au commerce \u00e9lectronique (LSSI-CE), il est pr\u00e9cis\u00e9 que ce site web est la propri\u00e9t\u00e9 de :<\/span><\/p>\n<p><span style=\"color: #808080;\">AUTEX INT SLL<\/span><br \/>\n<span style=\"color: #999999;\">CIF : B63958078<\/span><br \/>\n<span style=\"color: #999999;\">Adresse : C\/ Can Negoci, 18, Pol. Ind. Can Negoci, 08310 Argentona (Barcelone)<\/span><br \/>\n<span style=\"color: #999999;\">Email : autex@autex-int.com<\/span><br \/>\n<span style=\"color: #999999;\">T\u00e9l\u00e9phone : 937589325<\/span><\/p>\n<p><span style=\"color: #808080;\">Protection des donn\u00e9es personnelles<\/span><br \/>\n<span style=\"color: #999999;\">AUTEX INT SLL, en tant que Responsable du traitement, informe les utilisateurs de ce site que toutes les donn\u00e9es personnelles collect\u00e9es via des formulaires ou par email seront trait\u00e9es conform\u00e9ment au R\u00e8glement (UE) 2016\/679 (RGPD) et \u00e0 la Loi Organique 3\/2018 (LOPDGDD).<\/span><\/p>\n<p><span style=\"color: #808080;\">Finalit\u00e9 du traitement<\/span><br \/>\n<span style=\"color: #999999;\">Les donn\u00e9es personnelles sont collect\u00e9es dans les buts suivants :<\/span><\/p>\n<p><span style=\"color: #999999;\">G\u00e9rer les demandes ou requ\u00eates envoy\u00e9es via le formulaire de contact.<\/span><\/p>\n<p><span style=\"color: #999999;\">Maintenir des relations commerciales, administratives, comptables et fiscales avec nos clients et fournisseurs.<\/span><\/p>\n<p><span style=\"color: #999999;\">G\u00e9rer les communications commerciales relatives \u00e0 nos produits et services (si l&#8217;utilisateur y a consenti).<\/span><\/p>\n<p><span style=\"color: #808080;\">Base l\u00e9gale<\/span><br \/>\n<span style=\"color: #999999;\">Le traitement des donn\u00e9es repose sur :<\/span><\/p>\n<ul>\n<li><span style=\"color: #999999;\">Le consentement explicite de l&#8217;utilisateur.<\/span><\/li>\n<li><span style=\"color: #999999;\">L&#8217;ex\u00e9cution d\u2019un contrat ou de mesures pr\u00e9contractuelles.<\/span><\/li>\n<li><span style=\"color: #999999;\">Le respect d\u2019obligations l\u00e9gales.<\/span><\/li>\n<li><span style=\"color: #999999;\">L\u2019int\u00e9r\u00eat l\u00e9gitime du responsable du traitement.<\/span><\/li>\n<\/ul>\n<p><span style=\"color: #808080;\">Dur\u00e9e de conservation<\/span><br \/>\n<span style=\"color: #999999;\">Les donn\u00e9es seront conserv\u00e9es pendant la dur\u00e9e n\u00e9cessaire \u00e0 la r\u00e9alisation des finalit\u00e9s pour lesquelles elles ont \u00e9t\u00e9 collect\u00e9es, et pour respecter les obligations l\u00e9gales \u00e9ventuelles.<\/span><\/p>\n<p><span style=\"color: #808080;\">Destinataires<\/span><br \/>\n<span style=\"color: #999999;\">Les donn\u00e9es ne seront pas communiqu\u00e9es \u00e0 des tiers sauf obligation l\u00e9gale ou n\u00e9cessit\u00e9 li\u00e9e \u00e0 la prestation du service (ex. : prestataires informatiques ou de s\u00e9curit\u00e9).<\/span><\/p>\n<p><span style=\"color: #999999;\">Les transferts internationaux ne seront effectu\u00e9s que s\u2019il existe une base l\u00e9gale et des garanties appropri\u00e9es.<\/span><\/p>\n<p><span style=\"color: #808080;\">Droits des utilisateurs<\/span><br \/>\n<span style=\"color: #999999;\">Toute personne a le droit de savoir si AUTEX INT SLL traite des donn\u00e9es personnelles la concernant. Vous pouvez exercer vos droits de :<\/span><\/p>\n<ul>\n<li><span style=\"color: #999999;\">Acc\u00e8s<\/span><\/li>\n<li><span style=\"color: #999999;\">Rectification<\/span><\/li>\n<li><span style=\"color: #999999;\">Suppression<\/span><\/li>\n<li><span style=\"color: #999999;\">Opposition<\/span><\/li>\n<li><span style=\"color: #999999;\">Limitation du traitement<\/span><\/li>\n<li><span style=\"color: #999999;\">Portabilit\u00e9 des donn\u00e9es<\/span><\/li>\n<\/ul>\n<p><span style=\"color: #999999;\">Pour exercer vos droits, veuillez envoyer une demande \u00e9crite avec une copie de votre pi\u00e8ce d&#8217;identit\u00e9 \u00e0 l\u2019adresse postale mentionn\u00e9e ci-dessus ou \u00e0 : autex@autex-int.com.<\/span><\/p>\n<p><span style=\"color: #999999;\">Vous avez \u00e9galement le droit d\u2019introduire une r\u00e9clamation aupr\u00e8s de l\u2019Agence Espagnole de Protection des Donn\u00e9es (www.aepd.es) si vous estimez que vos droits ont \u00e9t\u00e9 viol\u00e9s.<\/span><\/p>\n<p><span style=\"color: #808080;\">Communications commerciales<\/span><br \/>\n<span style=\"color: #999999;\">Si vous vous \u00eates abonn\u00e9 volontairement \u00e0 nos services commerciaux, nous pourrons vous envoyer des informations sur nos produits ou services. Vous pouvez vous d\u00e9sinscrire \u00e0 tout moment en envoyant un email \u00e0 autex@autex-int.com avec le sujet \u00ab D\u00c9SINSCRIPTION COMMUNICATIONS \u00bb.<\/span><\/p>\n<p><span style=\"color: #808080;\">Liens externes<\/span><br \/>\n<span style=\"color: #999999;\">Ce site web peut contenir des liens vers des sites tiers. AUTEX INT SLL n&#8217;est pas responsable du contenu ni des politiques de confidentialit\u00e9 de ces sites.<\/span><\/p>\n<p><span style=\"color: #808080;\">Politique de cookies<\/span><br \/>\n<span style=\"color: #999999;\">Ce site web utilise des cookies techniques n\u00e9cessaires \u00e0 son fonctionnement. Pour plus d&#8217;informations, consultez notre [Politique de cookies].<\/span><\/p>\n<p><span style=\"color: #808080;\">L\u00e9gislation applicable et juridiction<\/span><br \/>\n<span style=\"color: #999999;\">Les pr\u00e9sentes conditions sont r\u00e9gies par la l\u00e9gislation espagnole. En cas de litige, les deux parties se soumettent aux Tribunaux de Barcelone.<\/span><\/p>\n<\/div><\/section>\n","protected":false},"excerpt":{"rendered":"","protected":false},"author":2,"featured_media":0,"parent":0,"menu_order":0,"comment_status":"closed","ping_status":"closed","template":"","meta":{"footnotes":""},"class_list":["post-58599","page","type-page","status-publish","hentry"],"yoast_head":"<!-- This site is optimized with the Yoast SEO plugin v27.4 - https:\/\/yoast.com\/product\/yoast-seo-wordpress\/ -->\n<title>Avis juridique - Autex-Int<\/title>\n<meta name=\"robots\" content=\"index, follow, max-snippet:-1, max-image-preview:large, max-video-preview:-1\" \/>\n<link rel=\"canonical\" href=\"https:\/\/autex-int.com\/fr\/avis-juridique\/\" \/>\n<meta property=\"og:locale\" content=\"fr_FR\" \/>\n<meta property=\"og:type\" content=\"article\" \/>\n<meta property=\"og:title\" content=\"Avis juridique - Autex-Int\" \/>\n<meta property=\"og:url\" content=\"https:\/\/autex-int.com\/fr\/avis-juridique\/\" \/>\n<meta property=\"og:site_name\" content=\"Autex-Int\" \/>\n<meta name=\"twitter:card\" content=\"summary_large_image\" \/>\n<meta name=\"twitter:label1\" content=\"Dur\u00e9e de lecture estim\u00e9e\" \/>\n\t<meta name=\"twitter:data1\" content=\"4 minutes\" \/>\n<script type=\"application\/ld+json\" class=\"yoast-schema-graph\">{\"@context\":\"https:\\\/\\\/schema.org\",\"@graph\":[{\"@type\":\"WebPage\",\"@id\":\"https:\\\/\\\/autex-int.com\\\/fr\\\/avis-juridique\\\/\",\"url\":\"https:\\\/\\\/autex-int.com\\\/fr\\\/avis-juridique\\\/\",\"name\":\"Avis juridique - Autex-Int\",\"isPartOf\":{\"@id\":\"https:\\\/\\\/autex-int.com\\\/#website\"},\"datePublished\":\"2025-05-07T08:44:11+00:00\",\"breadcrumb\":{\"@id\":\"https:\\\/\\\/autex-int.com\\\/fr\\\/avis-juridique\\\/#breadcrumb\"},\"inLanguage\":\"fr-FR\",\"potentialAction\":[{\"@type\":\"ReadAction\",\"target\":[\"https:\\\/\\\/autex-int.com\\\/fr\\\/avis-juridique\\\/\"]}]},{\"@type\":\"BreadcrumbList\",\"@id\":\"https:\\\/\\\/autex-int.com\\\/fr\\\/avis-juridique\\\/#breadcrumb\",\"itemListElement\":[{\"@type\":\"ListItem\",\"position\":1,\"name\":\"Portada\",\"item\":\"https:\\\/\\\/autex-int.com\\\/fr\\\/home\\\/\"},{\"@type\":\"ListItem\",\"position\":2,\"name\":\"Avis juridique\"}]},{\"@type\":\"WebSite\",\"@id\":\"https:\\\/\\\/autex-int.com\\\/#website\",\"url\":\"https:\\\/\\\/autex-int.com\\\/\",\"name\":\"Autex-Int\",\"description\":\"\",\"potentialAction\":[{\"@type\":\"SearchAction\",\"target\":{\"@type\":\"EntryPoint\",\"urlTemplate\":\"https:\\\/\\\/autex-int.com\\\/?s={search_term_string}\"},\"query-input\":{\"@type\":\"PropertyValueSpecification\",\"valueRequired\":true,\"valueName\":\"search_term_string\"}}],\"inLanguage\":\"fr-FR\"}]}<\/script>\n<!-- \/ Yoast SEO plugin. -->","yoast_head_json":{"title":"Avis juridique - Autex-Int","robots":{"index":"index","follow":"follow","max-snippet":"max-snippet:-1","max-image-preview":"max-image-preview:large","max-video-preview":"max-video-preview:-1"},"canonical":"https:\/\/autex-int.com\/fr\/avis-juridique\/","og_locale":"fr_FR","og_type":"article","og_title":"Avis juridique - Autex-Int","og_url":"https:\/\/autex-int.com\/fr\/avis-juridique\/","og_site_name":"Autex-Int","twitter_card":"summary_large_image","twitter_misc":{"Dur\u00e9e de lecture estim\u00e9e":"4 minutes"},"schema":{"@context":"https:\/\/schema.org","@graph":[{"@type":"WebPage","@id":"https:\/\/autex-int.com\/fr\/avis-juridique\/","url":"https:\/\/autex-int.com\/fr\/avis-juridique\/","name":"Avis juridique - Autex-Int","isPartOf":{"@id":"https:\/\/autex-int.com\/#website"},"datePublished":"2025-05-07T08:44:11+00:00","breadcrumb":{"@id":"https:\/\/autex-int.com\/fr\/avis-juridique\/#breadcrumb"},"inLanguage":"fr-FR","potentialAction":[{"@type":"ReadAction","target":["https:\/\/autex-int.com\/fr\/avis-juridique\/"]}]},{"@type":"BreadcrumbList","@id":"https:\/\/autex-int.com\/fr\/avis-juridique\/#breadcrumb","itemListElement":[{"@type":"ListItem","position":1,"name":"Portada","item":"https:\/\/autex-int.com\/fr\/home\/"},{"@type":"ListItem","position":2,"name":"Avis juridique"}]},{"@type":"WebSite","@id":"https:\/\/autex-int.com\/#website","url":"https:\/\/autex-int.com\/","name":"Autex-Int","description":"","potentialAction":[{"@type":"SearchAction","target":{"@type":"EntryPoint","urlTemplate":"https:\/\/autex-int.com\/?s={search_term_string}"},"query-input":{"@type":"PropertyValueSpecification","valueRequired":true,"valueName":"search_term_string"}}],"inLanguage":"fr-FR"}]}},"_links":{"self":[{"href":"https:\/\/autex-int.com\/fr\/wp-json\/wp\/v2\/pages\/58599","targetHints":{"allow":["GET"]}}],"collection":[{"href":"https:\/\/autex-int.com\/fr\/wp-json\/wp\/v2\/pages"}],"about":[{"href":"https:\/\/autex-int.com\/fr\/wp-json\/wp\/v2\/types\/page"}],"author":[{"embeddable":true,"href":"https:\/\/autex-int.com\/fr\/wp-json\/wp\/v2\/users\/2"}],"replies":[{"embeddable":true,"href":"https:\/\/autex-int.com\/fr\/wp-json\/wp\/v2\/comments?post=58599"}],"version-history":[{"count":0,"href":"https:\/\/autex-int.com\/fr\/wp-json\/wp\/v2\/pages\/58599\/revisions"}],"wp:attachment":[{"href":"https:\/\/autex-int.com\/fr\/wp-json\/wp\/v2\/media?parent=58599"}],"curies":[{"name":"wp","href":"https:\/\/api.w.org\/{rel}","templated":true}]}}