{"id":58614,"date":"2025-05-07T09:13:02","date_gmt":"2025-05-07T09:13:02","guid":{"rendered":"https:\/\/autex-int.com\/?page_id=58614"},"modified":"2025-05-07T09:13:02","modified_gmt":"2025-05-07T09:13:02","slug":"politique-de-cookies","status":"publish","type":"page","link":"https:\/\/autex-int.com\/fr\/politique-de-cookies\/","title":{"rendered":"Politique de Cookies"},"content":{"rendered":"\n<style type=\"text\/css\" data-created_by=\"avia_inline_auto\" id=\"style-css-av-madpsfis-9682a753f8190df77188577da1110fa9\">\n#top .av-special-heading.av-madpsfis-9682a753f8190df77188577da1110fa9{\npadding-bottom:10px;\n}\nbody .av-special-heading.av-madpsfis-9682a753f8190df77188577da1110fa9 .av-special-heading-tag .heading-char{\nfont-size:25px;\n}\n.av-special-heading.av-madpsfis-9682a753f8190df77188577da1110fa9 .av-subheading{\nfont-size:15px;\n}\n<\/style>\n<div  class='av-special-heading av-madpsfis-9682a753f8190df77188577da1110fa9 av-special-heading-h1 blockquote modern-quote modern-centered  avia-builder-el-0  el_before_av_textblock  avia-builder-el-first '><h1 class='av-special-heading-tag '  itemprop=\"headline\"  >Politique de Cookies<\/h1><div class=\"special-heading-border\"><div class=\"special-heading-inner-border\"><\/div><\/div><\/div>\n<section  class='av_textblock_section av-madpvx8g-93aba1e84396f06a9816100e807515f1 '   itemscope=\"itemscope\" itemtype=\"https:\/\/schema.org\/CreativeWork\" ><div class='avia_textblock'  itemprop=\"text\" ><h4><span style=\"color: #333333;\">Que sont les cookies ?<\/span><\/h4>\n<p>Un cookie est un petit fichier texte qui est stock\u00e9 sur votre appareil lorsque vous visitez un site web. Les cookies nous aident \u00e0 am\u00e9liorer votre exp\u00e9rience de navigation en m\u00e9morisant vos pr\u00e9f\u00e9rences et en vous offrant une exp\u00e9rience plus personnalis\u00e9e.<\/p>\n<h4><span style=\"color: #333333;\">Quels types de cookies utilisons-nous ?<\/span><\/h4>\n<ul>\n<li>Cookies techniques : N\u00e9cessaires au fonctionnement de base du site web. Ils permettent le bon fonctionnement du site, comme l&#8217;acc\u00e8s aux zones s\u00e9curis\u00e9es.<\/li>\n<li>Cookies d&#8217;analyse : Ils collectent des informations sur votre navigation, les pages visit\u00e9es et le temps pass\u00e9 sur celles-ci.Cela nous aide \u00e0 am\u00e9liorer le contenu et les fonctionnalit\u00e9s du site.<\/li>\n<li>Cookies de tiers : Issus de services externes tels que Google, Facebook ou les r\u00e9seaux sociaux. Ils peuvent stocker des informations pour personnaliser la publicit\u00e9.<\/li>\n<\/ul>\n<h4><span style=\"color: #333333;\">Pourquoi utilisons-nous des cookies ?<\/span><\/h4>\n<p>Nous utilisons des cookies pour am\u00e9liorer votre exp\u00e9rience sur notre site, le rendre plus efficace et analyser le trafic. Ces cookies ne collectent pas d\u2019informations personnelles identifiables sans votre consentement.<\/p>\n<h4><span style=\"color: #333333;\">Comment g\u00e9rer les cookies ?<\/span><\/h4>\n<p>Vous pouvez configurer votre navigateur pour accepter, refuser ou supprimer les cookies. Si vous pr\u00e9f\u00e9rez ne pas recevoir de cookies, vous pouvez modifier les param\u00e8tres de votre navigateur \u00e0 tout moment. Notez que la d\u00e9sactivation des cookies peut affecter certaines fonctionnalit\u00e9s du site.<\/p>\n<h4><span style=\"color: #333333;\">Comment d\u00e9sactiver les cookies dans votre navigateur :<\/span><\/h4>\n<ul>\n<li>Google Chrome : Acc\u00e9dez \u00e0 &#8220;Param\u00e8tres&#8221; &gt; &#8220;Confidentialit\u00e9 et s\u00e9curit\u00e9&#8221; &gt; &#8220;Cookies et autres donn\u00e9es de site&#8221;.<\/li>\n<li>Mozilla Firefox : Acc\u00e9dez \u00e0 &#8220;Options&#8221; &gt; &#8220;Vie priv\u00e9e et s\u00e9curit\u00e9&#8221; &gt; &#8220;Cookies et donn\u00e9es de sites&#8221;.<\/li>\n<li>Safari : Acc\u00e9dez \u00e0 &#8220;Pr\u00e9f\u00e9rences&#8221; &gt; &#8220;Confidentialit\u00e9&#8221; &gt; &#8220;Cookies&#8221;.<\/li>\n<li>Internet Explorer : Acc\u00e9dez \u00e0 &#8220;Param\u00e8tres&#8221; &gt; &#8220;Options Internet&#8221; &gt; &#8220;Confidentialit\u00e9&#8221;.<\/li>\n<\/ul>\n<h4><span style=\"color: #333333;\">Consentement<\/span><\/h4>\n<p>En naviguant sur notre site web, vous acceptez l&#8217;utilisation des cookies comme d\u00e9crit dans cette politique. Si vous n&#8217;\u00eates pas d&#8217;accord, vous pouvez les d\u00e9sactiver dans les param\u00e8tres de votre navigateur.<\/p>\n<h4><span style=\"color: #333333;\">Modifications de la politique de cookies<\/span><\/h4>\n<p>Nous nous r\u00e9servons le droit de mettre \u00e0 jour cette politique de cookies. Toute modification sera publi\u00e9e sur cette page, et le cas \u00e9ch\u00e9ant, vous en serez inform\u00e9.<\/p>\n<\/div><\/section>\n","protected":false},"excerpt":{"rendered":"","protected":false},"author":2,"featured_media":0,"parent":0,"menu_order":0,"comment_status":"closed","ping_status":"closed","template":"","meta":{"footnotes":""},"class_list":["post-58614","page","type-page","status-publish","hentry"],"yoast_head":"<!-- This site is optimized with the Yoast SEO plugin v27.4 - https:\/\/yoast.com\/product\/yoast-seo-wordpress\/ -->\n<title>Politique de Cookies - Autex-Int<\/title>\n<meta name=\"robots\" content=\"index, follow, max-snippet:-1, max-image-preview:large, max-video-preview:-1\" \/>\n<link rel=\"canonical\" href=\"https:\/\/autex-int.com\/fr\/politique-de-cookies\/\" \/>\n<meta property=\"og:locale\" content=\"fr_FR\" \/>\n<meta property=\"og:type\" content=\"article\" \/>\n<meta property=\"og:title\" content=\"Politique de Cookies - Autex-Int\" \/>\n<meta property=\"og:url\" content=\"https:\/\/autex-int.com\/fr\/politique-de-cookies\/\" \/>\n<meta property=\"og:site_name\" content=\"Autex-Int\" \/>\n<meta name=\"twitter:card\" content=\"summary_large_image\" \/>\n<meta name=\"twitter:label1\" content=\"Dur\u00e9e de lecture estim\u00e9e\" \/>\n\t<meta name=\"twitter:data1\" content=\"3 minutes\" \/>\n<script type=\"application\/ld+json\" class=\"yoast-schema-graph\">{\"@context\":\"https:\\\/\\\/schema.org\",\"@graph\":[{\"@type\":\"WebPage\",\"@id\":\"https:\\\/\\\/autex-int.com\\\/fr\\\/politique-de-cookies\\\/\",\"url\":\"https:\\\/\\\/autex-int.com\\\/fr\\\/politique-de-cookies\\\/\",\"name\":\"Politique de Cookies - Autex-Int\",\"isPartOf\":{\"@id\":\"https:\\\/\\\/autex-int.com\\\/#website\"},\"datePublished\":\"2025-05-07T09:13:02+00:00\",\"breadcrumb\":{\"@id\":\"https:\\\/\\\/autex-int.com\\\/fr\\\/politique-de-cookies\\\/#breadcrumb\"},\"inLanguage\":\"fr-FR\",\"potentialAction\":[{\"@type\":\"ReadAction\",\"target\":[\"https:\\\/\\\/autex-int.com\\\/fr\\\/politique-de-cookies\\\/\"]}]},{\"@type\":\"BreadcrumbList\",\"@id\":\"https:\\\/\\\/autex-int.com\\\/fr\\\/politique-de-cookies\\\/#breadcrumb\",\"itemListElement\":[{\"@type\":\"ListItem\",\"position\":1,\"name\":\"Portada\",\"item\":\"https:\\\/\\\/autex-int.com\\\/fr\\\/home\\\/\"},{\"@type\":\"ListItem\",\"position\":2,\"name\":\"Politique de Cookies\"}]},{\"@type\":\"WebSite\",\"@id\":\"https:\\\/\\\/autex-int.com\\\/#website\",\"url\":\"https:\\\/\\\/autex-int.com\\\/\",\"name\":\"Autex-Int\",\"description\":\"\",\"potentialAction\":[{\"@type\":\"SearchAction\",\"target\":{\"@type\":\"EntryPoint\",\"urlTemplate\":\"https:\\\/\\\/autex-int.com\\\/?s={search_term_string}\"},\"query-input\":{\"@type\":\"PropertyValueSpecification\",\"valueRequired\":true,\"valueName\":\"search_term_string\"}}],\"inLanguage\":\"fr-FR\"}]}<\/script>\n<!-- \/ Yoast SEO plugin. -->","yoast_head_json":{"title":"Politique de Cookies - Autex-Int","robots":{"index":"index","follow":"follow","max-snippet":"max-snippet:-1","max-image-preview":"max-image-preview:large","max-video-preview":"max-video-preview:-1"},"canonical":"https:\/\/autex-int.com\/fr\/politique-de-cookies\/","og_locale":"fr_FR","og_type":"article","og_title":"Politique de Cookies - Autex-Int","og_url":"https:\/\/autex-int.com\/fr\/politique-de-cookies\/","og_site_name":"Autex-Int","twitter_card":"summary_large_image","twitter_misc":{"Dur\u00e9e de lecture estim\u00e9e":"3 minutes"},"schema":{"@context":"https:\/\/schema.org","@graph":[{"@type":"WebPage","@id":"https:\/\/autex-int.com\/fr\/politique-de-cookies\/","url":"https:\/\/autex-int.com\/fr\/politique-de-cookies\/","name":"Politique de Cookies - Autex-Int","isPartOf":{"@id":"https:\/\/autex-int.com\/#website"},"datePublished":"2025-05-07T09:13:02+00:00","breadcrumb":{"@id":"https:\/\/autex-int.com\/fr\/politique-de-cookies\/#breadcrumb"},"inLanguage":"fr-FR","potentialAction":[{"@type":"ReadAction","target":["https:\/\/autex-int.com\/fr\/politique-de-cookies\/"]}]},{"@type":"BreadcrumbList","@id":"https:\/\/autex-int.com\/fr\/politique-de-cookies\/#breadcrumb","itemListElement":[{"@type":"ListItem","position":1,"name":"Portada","item":"https:\/\/autex-int.com\/fr\/home\/"},{"@type":"ListItem","position":2,"name":"Politique de Cookies"}]},{"@type":"WebSite","@id":"https:\/\/autex-int.com\/#website","url":"https:\/\/autex-int.com\/","name":"Autex-Int","description":"","potentialAction":[{"@type":"SearchAction","target":{"@type":"EntryPoint","urlTemplate":"https:\/\/autex-int.com\/?s={search_term_string}"},"query-input":{"@type":"PropertyValueSpecification","valueRequired":true,"valueName":"search_term_string"}}],"inLanguage":"fr-FR"}]}},"_links":{"self":[{"href":"https:\/\/autex-int.com\/fr\/wp-json\/wp\/v2\/pages\/58614","targetHints":{"allow":["GET"]}}],"collection":[{"href":"https:\/\/autex-int.com\/fr\/wp-json\/wp\/v2\/pages"}],"about":[{"href":"https:\/\/autex-int.com\/fr\/wp-json\/wp\/v2\/types\/page"}],"author":[{"embeddable":true,"href":"https:\/\/autex-int.com\/fr\/wp-json\/wp\/v2\/users\/2"}],"replies":[{"embeddable":true,"href":"https:\/\/autex-int.com\/fr\/wp-json\/wp\/v2\/comments?post=58614"}],"version-history":[{"count":0,"href":"https:\/\/autex-int.com\/fr\/wp-json\/wp\/v2\/pages\/58614\/revisions"}],"wp:attachment":[{"href":"https:\/\/autex-int.com\/fr\/wp-json\/wp\/v2\/media?parent=58614"}],"curies":[{"name":"wp","href":"https:\/\/api.w.org\/{rel}","templated":true}]}}