{"id":873,"date":"2015-10-21T12:34:01","date_gmt":"2015-10-21T12:34:01","guid":{"rendered":"http:\/\/temp.autex-int.com\/empresa\/?lang=fr"},"modified":"2024-03-09T12:11:32","modified_gmt":"2024-03-09T12:11:32","slug":"empresa","status":"publish","type":"page","link":"https:\/\/autex-int.com\/fr\/empresa\/","title":{"rendered":"Entreprise"},"content":{"rendered":"<div   class='avia-fullscreen-slider main_color   avia-builder-el-0  el_before_av_section  avia-builder-el-first  container_wrap sidebar_right'  ><div  class='avia-slideshow av-ltj0p8fv-4c9ebca1f0415ffbb911d6e9269b2b69 avia-slideshow-no scaling av_fullscreen avia-slide-slider av-slideshow-ui av-control-default av-slideshow-manual av-loop-once av-loop-manual-endless av-default-height-applied   avia-slideshow-1' data-slideshow-options=\"{&quot;animation&quot;:&quot;slide&quot;,&quot;autoplay&quot;:false,&quot;loop_autoplay&quot;:&quot;once&quot;,&quot;interval&quot;:5,&quot;loop_manual&quot;:&quot;manual-endless&quot;,&quot;autoplay_stopper&quot;:false,&quot;noNavigation&quot;:false,&quot;bg_slider&quot;:true,&quot;keep_padding&quot;:false,&quot;hoverpause&quot;:false,&quot;show_slide_delay&quot;:0,&quot;slide_height&quot;:&quot;100&quot;,&quot;image_attachment&quot;:&quot;fixed&quot;}\"  itemprop=\"image\" itemscope=\"itemscope\" itemtype=\"https:\/\/schema.org\/ImageObject\" ><ul class='avia-slideshow-inner ' style='padding-bottom: 52.734375%;'><li style='background-position:center center;' data-img-url='https:\/\/autex-int.com\/wp-content\/uploads\/2024\/03\/fachada-empresa-1-comprimida.png' class='avia-slideshow-slide av-ltj0p8fv-4c9ebca1f0415ffbb911d6e9269b2b69__0  av-single-slide slide-1 slide-odd'><div data-rel='slideshow-1' class='avia-slide-wrap '   ><\/div><\/li><\/ul><\/div><\/div>\n<div id='av_section_1'  class='avia-section av-av_section-43fa913dbbd7170bb5693496c11aa38b main_color avia-section-large avia-no-border-styling  avia-builder-el-1  el_after_av_fullscreen  el_before_av_section  avia-bg-style-scroll container_wrap sidebar_right'  ><div class='container av-section-cont-open' ><div class='template-page content  av-content-small alpha units'><div class='post-entry post-entry-type-page post-entry-873'><div class='entry-content-wrapper clearfix'>\n\n<style type=\"text\/css\" data-created_by=\"avia_inline_auto\" id=\"style-css-av-ltj5221j-97ff680e564a65a3a581996bb30b0bd5\">\n#top .av-special-heading.av-ltj5221j-97ff680e564a65a3a581996bb30b0bd5{\npadding-bottom:10px;\n}\nbody .av-special-heading.av-ltj5221j-97ff680e564a65a3a581996bb30b0bd5 .av-special-heading-tag .heading-char{\nfont-size:25px;\n}\n.av-special-heading.av-ltj5221j-97ff680e564a65a3a581996bb30b0bd5 .av-subheading{\nfont-size:15px;\n}\n<\/style>\n<div  class='av-special-heading av-ltj5221j-97ff680e564a65a3a581996bb30b0bd5 av-special-heading-h3 custom-color-heading  avia-builder-el-2  el_before_av_hr  avia-builder-el-first '><h3 class='av-special-heading-tag '  itemprop=\"headline\"  > L\u2019entreprise. Nos valeurs fondamentales.<\/h3><div class=\"special-heading-border\"><div class=\"special-heading-inner-border\"><\/div><\/div><\/div>\n\n<style type=\"text\/css\" data-created_by=\"avia_inline_auto\" id=\"style-css-av-av_hr-1560085d45af0b737bcb39cd6e0199f5\">\n#top .hr.av-av_hr-1560085d45af0b737bcb39cd6e0199f5{\nmargin-top:5px;\nmargin-bottom:75px;\n}\n.hr.av-av_hr-1560085d45af0b737bcb39cd6e0199f5 .hr-inner{\nwidth:50px;\nborder-color:#e73977;\n}\n<\/style>\n<div  class='hr av-av_hr-1560085d45af0b737bcb39cd6e0199f5 hr-custom  avia-builder-el-3  el_after_av_heading  el_before_av_one_half  hr-center hr-icon-no'><span class='hr-inner inner-border-av-border-fat'><span class=\"hr-inner-style\"><\/span><\/span><\/div>\n<div class='flex_column_table av-av_one_half-1c67a850b510d2460969061fec96065b sc-av_one_half av-equal-height-column-flextable'>\n<style type=\"text\/css\" data-created_by=\"avia_inline_auto\" id=\"style-css-av-av_one_half-1c67a850b510d2460969061fec96065b\">\n.flex_column.av-av_one_half-1c67a850b510d2460969061fec96065b{\nborder-radius:0px 0px 0px 0px;\npadding:0px 0px 0px 0px;\n}\n<\/style>\n<div  class='flex_column av-av_one_half-1c67a850b510d2460969061fec96065b av_one_half  avia-builder-el-4  el_after_av_hr  el_before_av_one_half  first flex_column_table_cell av-equal-height-column av-align-top av-animated-generic bottom-to-top av-zero-column-padding  '     ><article  class='iconbox iconbox_left_content av-av_icon_box-bde1b80a8389b21f78696bce500515bf  avia-builder-el-5  avia-builder-el-no-sibling '  itemscope=\"itemscope\" itemtype=\"https:\/\/schema.org\/CreativeWork\" ><div class='iconbox_icon heading-color avia-iconfont avia-font-entypo-fontello' data-av_icon='\ue856' data-av_iconfont='entypo-fontello'  ><\/div><div class=\"iconbox_content\"><header class=\"entry-content-header\" aria-label=\"Ic\u00f4ne : Nous avons les outils\"><h3 class='iconbox_content_title '  itemprop=\"headline\" >Nous avons les outils<\/h3><\/header><div class='iconbox_content_container '  itemprop=\"text\" ><p>Nous cr\u00e9ons des solutions qui s&#8217;adaptent \u00e0 la r\u00e9alit\u00e9 et aux besoins de chaque client. Nous appliquons des syst\u00e8mes de contr\u00f4le de qualit\u00e9 \u00e0 chacune de nos machines afin de garantir la productivit\u00e9 et le rendement d&#8217;une gamme de machines pr\u00e9par\u00e9es pour affronter les conditions pr\u00e9sentes et futures du march\u00e9.<\/p>\n<\/div><\/div><footer class=\"entry-footer\"><\/footer><\/article><\/div><div class='av-flex-placeholder'><\/div>\n<style type=\"text\/css\" data-created_by=\"avia_inline_auto\" id=\"style-css-av-av_one_half-a46df370dd9a40a6b0f93804e87d7282\">\n.flex_column.av-av_one_half-a46df370dd9a40a6b0f93804e87d7282{\nborder-radius:0px 0px 0px 0px;\npadding:0px 0px 0px 0px;\n}\n<\/style>\n<div  class='flex_column av-av_one_half-a46df370dd9a40a6b0f93804e87d7282 av_one_half  avia-builder-el-6  el_after_av_one_half  el_before_av_one_half  flex_column_table_cell av-equal-height-column av-align-top av-animated-generic bottom-to-top av-zero-column-padding  '     ><article  class='iconbox iconbox_left_content av-av_icon_box-17eae0829e324024e52c471bd779b0a4  avia-builder-el-7  avia-builder-el-no-sibling '  itemscope=\"itemscope\" itemtype=\"https:\/\/schema.org\/CreativeWork\" ><div class='iconbox_icon heading-color avia-iconfont avia-font-entypo-fontello' data-av_icon='\ue84d' data-av_iconfont='entypo-fontello'  ><\/div><div class=\"iconbox_content\"><header class=\"entry-content-header\" aria-label=\"Ic\u00f4ne : Exp\u00e9rience certifi\u00e9e\"><h3 class='iconbox_content_title '  itemprop=\"headline\" >Exp\u00e9rience certifi\u00e9e<\/h3><\/header><div class='iconbox_content_container '  itemprop=\"text\" ><p>Nous nous livrons sans rel\u00e2che \u00e0 la recherche et \u00e0 la mise au point de nouvelles solutions en appliquant les derni\u00e8res innovations technologiques afin de vous offrir des machines de plus en plus intelligentes, productives et de meilleure qualit\u00e9.<\/p>\n<\/div><\/div><footer class=\"entry-footer\"><\/footer><\/article><\/div><\/div><!--close column table wrapper. Autoclose: 1 -->\n<style type=\"text\/css\" data-created_by=\"avia_inline_auto\" id=\"style-css-av-av_one_half-d71a51a707c4656b37c9afbbd6138215\">\n.flex_column.av-av_one_half-d71a51a707c4656b37c9afbbd6138215{\nborder-radius:0px 0px 0px 0px;\npadding:0px 0px 0px 0px;\n}\n<\/style>\n<div  class='flex_column av-av_one_half-d71a51a707c4656b37c9afbbd6138215 av_one_half  avia-builder-el-8  el_after_av_one_half  el_before_av_one_half  first flex_column_div av-animated-generic bottom-to-top av-zero-column-padding  column-top-margin'     ><article  class='iconbox iconbox_left_content av-av_icon_box-3af3318d0e51bc31b5de9a9038478b4a  avia-builder-el-9  avia-builder-el-no-sibling '  itemscope=\"itemscope\" itemtype=\"https:\/\/schema.org\/CreativeWork\" ><div class='iconbox_icon heading-color avia-iconfont avia-font-entypo-fontello' data-av_icon='\ue80b' data-av_iconfont='entypo-fontello'  ><\/div><div class=\"iconbox_content\"><header class=\"entry-content-header\" aria-label=\"Ic\u00f4ne :  Notre priorit\u00e9 est vous\"><h3 class='iconbox_content_title '  itemprop=\"headline\" > Notre priorit\u00e9 est vous<\/h3><\/header><div class='iconbox_content_container '  itemprop=\"text\" ><p>Nous r\u00e9pondons \u00e0 l&#8217;appel de nos clients en apportant une solution rapide et efficace \u00e0 n&#8217;importe quelle question ou inconnue pouvant se pr\u00e9senter tout au long des diff\u00e9rents proc\u00e9d\u00e9s, depuis l&#8217;installation jusqu&#8217;\u00e0 la maintenance. En concevant des machines adapt\u00e9es \u00e0 leurs besoins et en recommandant. Les syst\u00e8mes id\u00e9aux pour accro\u00eetre la rentabilit\u00e9 de leur entreprise.<\/p>\n<\/div><\/div><footer class=\"entry-footer\"><\/footer><\/article><\/div>\n<style type=\"text\/css\" data-created_by=\"avia_inline_auto\" id=\"style-css-av-av_one_half-5e573e412b2cb2d94a04ba5d08f2f66e\">\n.flex_column.av-av_one_half-5e573e412b2cb2d94a04ba5d08f2f66e{\nborder-radius:0px 0px 0px 0px;\npadding:0px 0px 0px 0px;\n}\n<\/style>\n<div  class='flex_column av-av_one_half-5e573e412b2cb2d94a04ba5d08f2f66e av_one_half  avia-builder-el-10  el_after_av_one_half  avia-builder-el-last  flex_column_div av-animated-generic bottom-to-top av-zero-column-padding  column-top-margin'     ><article  class='iconbox iconbox_left_content av-av_icon_box-82bd7bf15b45d78145af2bcff2f6a419  avia-builder-el-11  avia-builder-el-no-sibling '  itemscope=\"itemscope\" itemtype=\"https:\/\/schema.org\/CreativeWork\" ><div class='iconbox_icon heading-color avia-iconfont avia-font-entypo-fontello' data-av_icon='\ue8b1' data-av_iconfont='entypo-fontello'  ><\/div><div class=\"iconbox_content\"><header class=\"entry-content-header\" aria-label=\"Ic\u00f4ne :  Vaste r\u00e9seau de services\"><h3 class='iconbox_content_title '  itemprop=\"headline\" > Vaste r\u00e9seau de services<\/h3><\/header><div class='iconbox_content_container '  itemprop=\"text\" ><p>Nous avons atteint tous les coins du monde en distribuant nos machines sur les cinq continents&#8230; Et tout cela gr\u00e2ce \u00e0 notre vaste r\u00e9seau de Service de Distribution pr\u00e9sent dans un nombre \u00e9lev\u00e9 de pays.<\/p>\n<\/div><\/div><footer class=\"entry-footer\"><\/footer><\/article><\/div>\n\n<\/div><\/div><\/div><!-- close content main div --><\/div><\/div><div id='av_section_2'  class='avia-section av-av_section-415e5fbf458356e3f489ca1638bc2d81 main_color avia-section-large avia-no-shadow  avia-builder-el-12  el_after_av_section  el_before_av_one_half  avia-bg-style-scroll container_wrap sidebar_right'  ><div class='container av-section-cont-open' ><div class='template-page content  av-content-small alpha units'><div class='post-entry post-entry-type-page post-entry-873'><div class='entry-content-wrapper clearfix'>\n\n<style type=\"text\/css\" data-created_by=\"avia_inline_auto\" id=\"style-css-av-av_heading-687cae8a63ee78d6102789e9e084a6cd\">\n#top .av-special-heading.av-av_heading-687cae8a63ee78d6102789e9e084a6cd{\npadding-bottom:0;\n}\nbody .av-special-heading.av-av_heading-687cae8a63ee78d6102789e9e084a6cd .av-special-heading-tag .heading-char{\nfont-size:25px;\n}\n.av-special-heading.av-av_heading-687cae8a63ee78d6102789e9e084a6cd .av-subheading{\nfont-size:15px;\n}\n<\/style>\n<div  class='av-special-heading av-av_heading-687cae8a63ee78d6102789e9e084a6cd av-special-heading-h2 blockquote modern-quote modern-centered  avia-builder-el-13  el_before_av_hr  avia-builder-el-first '><h2 class='av-special-heading-tag '  itemprop=\"headline\"  > Notre histoire<\/h2><div class=\"special-heading-border\"><div class=\"special-heading-inner-border\"><\/div><\/div><\/div>\n\n<style type=\"text\/css\" data-created_by=\"avia_inline_auto\" id=\"style-css-av-av_hr-1560085d45af0b737bcb39cd6e0199f5\">\n#top .hr.av-av_hr-1560085d45af0b737bcb39cd6e0199f5{\nmargin-top:5px;\nmargin-bottom:75px;\n}\n.hr.av-av_hr-1560085d45af0b737bcb39cd6e0199f5 .hr-inner{\nwidth:50px;\nborder-color:#e73977;\n}\n<\/style>\n<div  class='hr av-av_hr-1560085d45af0b737bcb39cd6e0199f5 hr-custom  avia-builder-el-14  el_after_av_heading  el_before_av_one_full  hr-center hr-icon-no'><span class='hr-inner inner-border-av-border-fat'><span class=\"hr-inner-style\"><\/span><\/span><\/div>\n\n<style type=\"text\/css\" data-created_by=\"avia_inline_auto\" id=\"style-css-av-av_one_full-1f79f20421ffad7b7b83f420c5038080\">\n.flex_column.av-av_one_full-1f79f20421ffad7b7b83f420c5038080{\nborder-width:1px;\nborder-color:#e1e1e1;\nborder-style:solid;\nborder-radius:0px 0px 0px 0px;\npadding:20px 20px 20px 20px;\nbackground-color:#ffffff;\n}\n<\/style>\n<div  class='flex_column av-av_one_full-1f79f20421ffad7b7b83f420c5038080 av_one_full  avia-builder-el-15  el_after_av_hr  avia-builder-el-last  first flex_column_div av-animated-generic bottom-to-top  '     ><style type=\"text\/css\" data-created_by=\"avia_inline_auto\" id=\"style-css-av-av_textblock-34ab98c25efa3b06a3e65f63ca3152b8\">\n#top .av_textblock_section.av-av_textblock-34ab98c25efa3b06a3e65f63ca3152b8 .avia_textblock{\ncolor:#333333;\n}\n<\/style>\n<section  class='av_textblock_section av-av_textblock-34ab98c25efa3b06a3e65f63ca3152b8 '   itemscope=\"itemscope\" itemtype=\"https:\/\/schema.org\/CreativeWork\" ><div class='avia_textblock av_inherit_color'  itemprop=\"text\" ><p><strong><em>&#8220;Depuis 1973, nous avons offert une large gamme de machines et d&#8217;accessoires d&#8217;\u00e9tendre pour couvrir les besoins et les attentes de nos clients. Nous avons \u00e9volu\u00e9 au fil du temps et adapatado machines \u00e0 la derni\u00e8re technologie du temps de toujours offrir le meilleur produit sur le march\u00e9 , en d\u00e9veloppant toujours de nouvelles fa\u00e7ons de r\u00e9duire et d&#8217;\u00e9tendre et de regarder de tr\u00e8s pr\u00e8s l&#8217;\u00e9volution des formes de robe, ils sont apparus de nouveaux tissus , nouveau tendances &#8230; En outre , nous avons form\u00e9 une \u00e9quipe de professionnels avec des ann\u00e9es d&#8217; exp\u00e9rience dans l&#8217;industrie et hautement sp\u00e9cialis\u00e9e dans la fourniture de services et de solutions . Notre objectif est de demeurer une r\u00e9f\u00e9rence mondiale dans le secteur des machines \u00e0 \u00e9tendre et \u00e0 continuer d&#8217;offrir des solutions \u00e0 nos clients en prenant toujours la qualit\u00e9 des soins.<\/em><\/strong><strong style=\"line-height: 1.5;\"><em>&#8220;<\/em><\/strong><\/p>\n<\/div><\/section><\/div>\n<\/div><\/div><\/div><!-- close content main div --><\/div><\/div><div id='after_section_2'  class='main_color av_default_container_wrap container_wrap sidebar_right'  ><div class='container av-section-cont-open' ><div class='template-page content  av-content-small alpha units'><div class='post-entry post-entry-type-page post-entry-873'><div class='entry-content-wrapper clearfix'>\n\n<style type=\"text\/css\" data-created_by=\"avia_inline_auto\" id=\"style-css-av-av_one_half-d71a51a707c4656b37c9afbbd6138215\">\n.flex_column.av-av_one_half-d71a51a707c4656b37c9afbbd6138215{\nborder-radius:0px 0px 0px 0px;\npadding:0px 0px 0px 0px;\n}\n<\/style>\n<div  class='flex_column av-av_one_half-d71a51a707c4656b37c9afbbd6138215 av_one_half  avia-builder-el-17  el_after_av_section  el_before_av_one_half  avia-builder-el-first  first flex_column_div av-animated-generic bottom-to-top av-zero-column-padding  '     ><p>\n<style type=\"text\/css\" data-created_by=\"avia_inline_auto\" id=\"style-css-av-av_heading-0c573919bd0835828eaec5b54c3f8a6f\">\n#top .av-special-heading.av-av_heading-0c573919bd0835828eaec5b54c3f8a6f{\npadding-bottom:0;\n}\nbody .av-special-heading.av-av_heading-0c573919bd0835828eaec5b54c3f8a6f .av-special-heading-tag .heading-char{\nfont-size:25px;\n}\n.av-special-heading.av-av_heading-0c573919bd0835828eaec5b54c3f8a6f .av-subheading{\nfont-size:15px;\n}\n<\/style>\n<div  class='av-special-heading av-av_heading-0c573919bd0835828eaec5b54c3f8a6f av-special-heading-h2 blockquote modern-quote modern-centered  avia-builder-el-18  el_before_av_textblock  avia-builder-el-first '><h2 class='av-special-heading-tag '  itemprop=\"headline\"  >Secteurs<\/h2><div class=\"special-heading-border\"><div class=\"special-heading-inner-border\"><\/div><\/div><\/div><br \/>\n\n<style type=\"text\/css\" data-created_by=\"avia_inline_auto\" id=\"style-css-av-av_textblock-b15ce38063d45fd523a4e8046fa8a914\">\n#top .av_textblock_section.av-av_textblock-b15ce38063d45fd523a4e8046fa8a914 .avia_textblock{\nfont-size:12px;\n}\n<\/style>\n<section  class='av_textblock_section av-av_textblock-b15ce38063d45fd523a4e8046fa8a914 '   itemscope=\"itemscope\" itemtype=\"https:\/\/schema.org\/CreativeWork\" ><div class='avia_textblock'  itemprop=\"text\" ><blockquote>\n<p>Nos machines peuvent \u00e9tendre grande vari\u00e9t\u00e9 de tissus pour des secteurs aussi vari\u00e9s que l&#8217;automobile , la fabrication de linge de maison , confection d&#8217;uniformes de travail, la mode en g\u00e9n\u00e9ral , etc. Nous pouvons adapter les machines \u00e0 \u00e9tendre tout type de tissu que le client a besoin , notre plus grand engagement est de permettre \u00e0 tout \u00e9tendu avec la plus haute qualit\u00e9.<\/p>\n<\/blockquote>\n<\/div><\/section><\/p><\/div>\n\n<style type=\"text\/css\" data-created_by=\"avia_inline_auto\" id=\"style-css-av-av_one_half-93bea18e2ccb60552a17080633244dec\">\n.flex_column.av-av_one_half-93bea18e2ccb60552a17080633244dec{\nborder-radius:0px 0px 0px 0px;\npadding:0px 0px 0px 0px;\n}\n<\/style>\n<div  class='flex_column av-av_one_half-93bea18e2ccb60552a17080633244dec av_one_half  avia-builder-el-20  el_after_av_one_half  avia-builder-el-last  flex_column_div av-animated-generic bottom-to-top av-zero-column-padding  '     ><p>\n<style type=\"text\/css\" data-created_by=\"avia_inline_auto\" id=\"style-css-av-av_heading-72b0b7a0a0d2b66eb6d5795285665458\">\n#top .av-special-heading.av-av_heading-72b0b7a0a0d2b66eb6d5795285665458{\npadding-bottom:0;\n}\nbody .av-special-heading.av-av_heading-72b0b7a0a0d2b66eb6d5795285665458 .av-special-heading-tag .heading-char{\nfont-size:25px;\n}\n.av-special-heading.av-av_heading-72b0b7a0a0d2b66eb6d5795285665458 .av-subheading{\nfont-size:15px;\n}\n<\/style>\n<div  class='av-special-heading av-av_heading-72b0b7a0a0d2b66eb6d5795285665458 av-special-heading-h2 blockquote modern-quote modern-centered  avia-builder-el-21  el_before_av_textblock  avia-builder-el-first '><h2 class='av-special-heading-tag '  itemprop=\"headline\"  > R\u00e9seau de Distribution<\/h2><div class=\"special-heading-border\"><div class=\"special-heading-inner-border\"><\/div><\/div><\/div><br \/>\n\n<style type=\"text\/css\" data-created_by=\"avia_inline_auto\" id=\"style-css-av-av_textblock-b15ce38063d45fd523a4e8046fa8a914\">\n#top .av_textblock_section.av-av_textblock-b15ce38063d45fd523a4e8046fa8a914 .avia_textblock{\nfont-size:12px;\n}\n<\/style>\n<section  class='av_textblock_section av-av_textblock-b15ce38063d45fd523a4e8046fa8a914 '   itemscope=\"itemscope\" itemtype=\"https:\/\/schema.org\/CreativeWork\" ><div class='avia_textblock'  itemprop=\"text\" ><blockquote>\n<p>Autex-Int est pr\u00e9sent dans le monde entier avec plus de 2000 machines r\u00e9parties sur cinq continents . Notre vaste r\u00e9seau de distribution desservant le temps efficacement et rapidement. Avec nos repr\u00e9sentants hautement qualifi\u00e9s techniquement, nous donnent des conseils r\u00e9troaction , de conseil et d&#8217;entretien instantan\u00e9es pour un fonctionnement parfait de nos machines.<\/p>\n<\/blockquote>\n<\/div><\/section><\/p><\/div>\n","protected":false},"excerpt":{"rendered":"","protected":false},"author":1,"featured_media":0,"parent":0,"menu_order":1,"comment_status":"closed","ping_status":"closed","template":"","meta":{"footnotes":""},"class_list":["post-873","page","type-page","status-publish","hentry"],"yoast_head":"<!-- This site is optimized with the Yoast SEO plugin v27.4 - https:\/\/yoast.com\/product\/yoast-seo-wordpress\/ -->\n<title>Entreprise - Autex-Int<\/title>\n<meta name=\"robots\" content=\"index, follow, max-snippet:-1, max-image-preview:large, max-video-preview:-1\" \/>\n<link rel=\"canonical\" href=\"https:\/\/autex-int.com\/fr\/empresa\/\" \/>\n<meta property=\"og:locale\" content=\"fr_FR\" \/>\n<meta property=\"og:type\" content=\"article\" \/>\n<meta property=\"og:title\" content=\"Entreprise - Autex-Int\" \/>\n<meta property=\"og:url\" content=\"https:\/\/autex-int.com\/fr\/empresa\/\" \/>\n<meta property=\"og:site_name\" content=\"Autex-Int\" \/>\n<meta property=\"article:modified_time\" content=\"2024-03-09T12:11:32+00:00\" \/>\n<meta name=\"twitter:card\" content=\"summary_large_image\" \/>\n<meta name=\"twitter:label1\" content=\"Dur\u00e9e de lecture estim\u00e9e\" \/>\n\t<meta name=\"twitter:data1\" content=\"2 minutes\" \/>\n<script type=\"application\/ld+json\" class=\"yoast-schema-graph\">{\"@context\":\"https:\\\/\\\/schema.org\",\"@graph\":[{\"@type\":\"WebPage\",\"@id\":\"https:\\\/\\\/autex-int.com\\\/fr\\\/empresa\\\/\",\"url\":\"https:\\\/\\\/autex-int.com\\\/fr\\\/empresa\\\/\",\"name\":\"Entreprise - Autex-Int\",\"isPartOf\":{\"@id\":\"https:\\\/\\\/autex-int.com\\\/#website\"},\"datePublished\":\"2015-10-21T12:34:01+00:00\",\"dateModified\":\"2024-03-09T12:11:32+00:00\",\"breadcrumb\":{\"@id\":\"https:\\\/\\\/autex-int.com\\\/fr\\\/empresa\\\/#breadcrumb\"},\"inLanguage\":\"fr-FR\",\"potentialAction\":[{\"@type\":\"ReadAction\",\"target\":[\"https:\\\/\\\/autex-int.com\\\/fr\\\/empresa\\\/\"]}]},{\"@type\":\"BreadcrumbList\",\"@id\":\"https:\\\/\\\/autex-int.com\\\/fr\\\/empresa\\\/#breadcrumb\",\"itemListElement\":[{\"@type\":\"ListItem\",\"position\":1,\"name\":\"Portada\",\"item\":\"https:\\\/\\\/autex-int.com\\\/fr\\\/home\\\/\"},{\"@type\":\"ListItem\",\"position\":2,\"name\":\"Entreprise\"}]},{\"@type\":\"WebSite\",\"@id\":\"https:\\\/\\\/autex-int.com\\\/#website\",\"url\":\"https:\\\/\\\/autex-int.com\\\/\",\"name\":\"Autex-Int\",\"description\":\"\",\"potentialAction\":[{\"@type\":\"SearchAction\",\"target\":{\"@type\":\"EntryPoint\",\"urlTemplate\":\"https:\\\/\\\/autex-int.com\\\/?s={search_term_string}\"},\"query-input\":{\"@type\":\"PropertyValueSpecification\",\"valueRequired\":true,\"valueName\":\"search_term_string\"}}],\"inLanguage\":\"fr-FR\"}]}<\/script>\n<!-- \/ Yoast SEO plugin. -->","yoast_head_json":{"title":"Entreprise - Autex-Int","robots":{"index":"index","follow":"follow","max-snippet":"max-snippet:-1","max-image-preview":"max-image-preview:large","max-video-preview":"max-video-preview:-1"},"canonical":"https:\/\/autex-int.com\/fr\/empresa\/","og_locale":"fr_FR","og_type":"article","og_title":"Entreprise - Autex-Int","og_url":"https:\/\/autex-int.com\/fr\/empresa\/","og_site_name":"Autex-Int","article_modified_time":"2024-03-09T12:11:32+00:00","twitter_card":"summary_large_image","twitter_misc":{"Dur\u00e9e de lecture estim\u00e9e":"2 minutes"},"schema":{"@context":"https:\/\/schema.org","@graph":[{"@type":"WebPage","@id":"https:\/\/autex-int.com\/fr\/empresa\/","url":"https:\/\/autex-int.com\/fr\/empresa\/","name":"Entreprise - Autex-Int","isPartOf":{"@id":"https:\/\/autex-int.com\/#website"},"datePublished":"2015-10-21T12:34:01+00:00","dateModified":"2024-03-09T12:11:32+00:00","breadcrumb":{"@id":"https:\/\/autex-int.com\/fr\/empresa\/#breadcrumb"},"inLanguage":"fr-FR","potentialAction":[{"@type":"ReadAction","target":["https:\/\/autex-int.com\/fr\/empresa\/"]}]},{"@type":"BreadcrumbList","@id":"https:\/\/autex-int.com\/fr\/empresa\/#breadcrumb","itemListElement":[{"@type":"ListItem","position":1,"name":"Portada","item":"https:\/\/autex-int.com\/fr\/home\/"},{"@type":"ListItem","position":2,"name":"Entreprise"}]},{"@type":"WebSite","@id":"https:\/\/autex-int.com\/#website","url":"https:\/\/autex-int.com\/","name":"Autex-Int","description":"","potentialAction":[{"@type":"SearchAction","target":{"@type":"EntryPoint","urlTemplate":"https:\/\/autex-int.com\/?s={search_term_string}"},"query-input":{"@type":"PropertyValueSpecification","valueRequired":true,"valueName":"search_term_string"}}],"inLanguage":"fr-FR"}]}},"_links":{"self":[{"href":"https:\/\/autex-int.com\/fr\/wp-json\/wp\/v2\/pages\/873","targetHints":{"allow":["GET"]}}],"collection":[{"href":"https:\/\/autex-int.com\/fr\/wp-json\/wp\/v2\/pages"}],"about":[{"href":"https:\/\/autex-int.com\/fr\/wp-json\/wp\/v2\/types\/page"}],"author":[{"embeddable":true,"href":"https:\/\/autex-int.com\/fr\/wp-json\/wp\/v2\/users\/1"}],"replies":[{"embeddable":true,"href":"https:\/\/autex-int.com\/fr\/wp-json\/wp\/v2\/comments?post=873"}],"version-history":[{"count":0,"href":"https:\/\/autex-int.com\/fr\/wp-json\/wp\/v2\/pages\/873\/revisions"}],"wp:attachment":[{"href":"https:\/\/autex-int.com\/fr\/wp-json\/wp\/v2\/media?parent=873"}],"curies":[{"name":"wp","href":"https:\/\/api.w.org\/{rel}","templated":true}]}}