{"id":887,"date":"2015-10-15T15:32:40","date_gmt":"2015-10-15T15:32:40","guid":{"rendered":"http:\/\/temp.autex-int.com\/contacto\/?lang=fr"},"modified":"2026-02-19T08:36:46","modified_gmt":"2026-02-19T08:36:46","slug":"contacto","status":"publish","type":"page","link":"https:\/\/autex-int.com\/fr\/contacto\/","title":{"rendered":"Contacter"},"content":{"rendered":"<div  class='av_gmaps_sc_main_wrap av_gmaps_main_wrap '><div id='av_gmap_0' class='avia-google-map-container avia-google-map-sc av_gmaps_show_unconditionally av-no-fallback-img ' data-mapid='av_gmap_0'  style='height: 400px;'><a class=\"av_gmaps_browser_disabled av_text_confirm_link av_text_confirm_link_visible\" href=\"https:\/\/www.google.com\/maps\/search\/?api=1&#038;query=Can%20Negoci,%2018%20%20Argentona%20%20Espa\u00f1a\" target=\"_blank\">Les cartes ont \u00e9t\u00e9 d\u00e9sactiv\u00e9es par le visiteur sur ce site. Cliquer pour ouvrir la carte dans une nouvelle fen\u00eatre.<\/a><\/div><\/div>\n\n<style type=\"text\/css\" data-created_by=\"avia_inline_auto\" id=\"style-css-av-1psih3-84c02a7d05c8a5e8c7ea6b4ecc9e797c\">\n#top .av-special-heading.av-1psih3-84c02a7d05c8a5e8c7ea6b4ecc9e797c{\npadding-bottom:10px;\n}\nbody .av-special-heading.av-1psih3-84c02a7d05c8a5e8c7ea6b4ecc9e797c .av-special-heading-tag .heading-char{\nfont-size:25px;\n}\n.av-special-heading.av-1psih3-84c02a7d05c8a5e8c7ea6b4ecc9e797c .av-subheading{\nfont-size:15px;\n}\n<\/style>\n<div  class='av-special-heading av-1psih3-84c02a7d05c8a5e8c7ea6b4ecc9e797c av-special-heading-h1 blockquote modern-quote modern-centered  avia-builder-el-1  el_after_av_google_map  el_before_av_hr  avia-builder-el-first '><h1 class='av-special-heading-tag '  itemprop=\"headline\"  >Contacter<\/h1><div class=\"special-heading-border\"><div class=\"special-heading-inner-border\"><\/div><\/div><\/div>\n\n<style type=\"text\/css\" data-created_by=\"avia_inline_auto\" id=\"style-css-av-1lda7z-1ccc8109ebecaadcd5a15941cce5cd3a\">\n#top .hr.av-1lda7z-1ccc8109ebecaadcd5a15941cce5cd3a{\nmargin-top:5px;\nmargin-bottom:75px;\n}\n.hr.av-1lda7z-1ccc8109ebecaadcd5a15941cce5cd3a .hr-inner{\nwidth:50px;\nborder-color:#e73976;\n}\n<\/style>\n<div  class='hr av-1lda7z-1ccc8109ebecaadcd5a15941cce5cd3a hr-custom  avia-builder-el-2  el_after_av_heading  el_before_av_two_third  hr-center hr-icon-no'><span class='hr-inner inner-border-av-border-fat'><span class=\"hr-inner-style\"><\/span><\/span><\/div>\n\n<style type=\"text\/css\" data-created_by=\"avia_inline_auto\" id=\"style-css-av-1hhn7r-ce26981ee2dcbdff171b1510b13c52e0\">\n.flex_column.av-1hhn7r-ce26981ee2dcbdff171b1510b13c52e0{\nborder-radius:0px 0px 0px 0px;\npadding:0px 0px 0px 0px;\n}\n<\/style>\n<div  class='flex_column av-1hhn7r-ce26981ee2dcbdff171b1510b13c52e0 av_two_third  avia-builder-el-3  el_after_av_hr  el_before_av_one_third  first flex_column_div av-animated-generic bottom-to-top av-zero-column-padding  '     ><form action=\"https:\/\/autex-int.com\/fr\/contacto\/\" method=\"post\" data-fields-with-error=\"Erreurs trouv\u00e9es dans les champs suivants :\" class=\"avia_ajax_form av-form-labels-visible   avia-builder-el-4  avia-builder-el-no-sibling   \" data-avia-form-id=\"1\" data-avia-redirect='' ><fieldset><p class='  first_form  form_element form_fullwidth' id='element_avia_1_1'><label for=\"avia_1_1\">Pr\u00e9nom et nom <abbr class=\"required\" title=\"requis(e)\">*<\/abbr><\/label> <input name=\"avia_1_1\" class=\"text_input is_empty\" type=\"text\" id=\"avia_1_1\" value=\"\" \/><\/p><p class='  first_form  form_element form_element_half' id='element_avia_2_1'><label for=\"avia_2_1\">E-Mail <abbr class=\"required\" title=\"requis(e)\">*<\/abbr><\/label> <input name=\"avia_2_1\" class=\"text_input is_email\" type=\"text\" id=\"avia_2_1\" value=\"\" \/><\/p><p class='  form_element form_element_half' id='element_avia_3_1'><label for=\"avia_3_1\">T\u00e9l\u00e9phone <abbr class=\"required\" title=\"requis(e)\">*<\/abbr><\/label> <input name=\"avia_3_1\" class=\"text_input is_phone\" type=\"text\" id=\"avia_3_1\" value=\"\" \/><\/p><p class='  first_form  form_element form_fullwidth' id='element_avia_4_1'><label for=\"avia_4_1\" class=\"textare_label hidden textare_label_avia_4_1\">Message <abbr class=\"required\" title=\"requis(e)\">*<\/abbr><\/label><textarea  name=\"avia_4_1\" class=\"text_area is_empty\" cols=\"40\" rows=\"7\" id=\"avia_4_1\" ><\/textarea><\/p><p class=\"hidden\"><input type=\"text\" name=\"avia_5_1\" class=\"hidden \" id=\"avia_5_1\" value=\"\" \/><\/p><div id='avia_6_1' class='av-recaptcha-area  first_form  form_element form_fullwidth av-last-visible-form-element '  data-container_class=\"\" data-custom_class=\"\" data-context=\"av_contact_form\" data-token_input=\"av_recaptcha_token\" data-version=\"avia_recaptcha_v2\" data-theme=\"light\" data-size=\"normal\" data-score=\"0.5\" data-text_to_preview=\"\" data-value=\"\"><div class=\"av-google-badge-message hidden\">Ce site est prot\u00e9g\u00e9 par reCAPTCHA et la <a href=\"https:\/\/policies.google.com\/privacy\">politique de confidentialit\u00e9<\/a> de Google et <a href=\"https:\/\/policies.google.com\/terms\">leur conditions d\u2019utilisation<\/a> s\u2019appliquent.<\/div><\/div><p class=' av_form_privacy_check av_contact_privacy_check first_form  form_element form_fullwidth' id='element_avia_7_1'><input  name=\"avia_7_1\" class=\"input_checkbox is_empty\" type=\"checkbox\" id=\"avia_7_1\" value=\"true\"\/><label class=\"input_checkbox_label\" for=\"avia_7_1\">J'accepte les termes et conditions \u00e9tablis dans la <a href='https:\/\/autex-int.com\/politica-de-privacidad\/' target='_blank'>Politique de confidentialit\u00e9<\/a> <abbr class=\"required\" title=\"requis(e)\">*<\/abbr><\/label><\/p><p class=\"form_element \"><input type=\"hidden\" value=\"1\" name=\"avia_generated_form1\" \/><input type=\"submit\" value=\"Envoyer\" class=\"button\"  data-sending-label=\"Envoi\"\/><\/p><\/fieldset><div class=\"avia-disabled-form\">Ce formulaire est d\u00e9sactiv\u00e9 dans la mesure o\u00f9 vous refusez d\u2019accepter le service Google reCAPTCHA n\u00e9cessaire pour valider toute exp\u00e9dition de message depuis celui-ci.<\/div><\/form><div id=\"ajaxresponse_1\" class=\"ajaxresponse ajaxresponse_1 hidden\"><\/div><\/div>\n<style type=\"text\/css\" data-created_by=\"avia_inline_auto\" id=\"style-css-av-g72nj-f33d9ad08fa6a551c2db91abec86282e\">\n.flex_column.av-g72nj-f33d9ad08fa6a551c2db91abec86282e{\nborder-radius:0px 0px 0px 0px;\npadding:0px 0px 0px 0px;\n}\n<\/style>\n<div  class='flex_column av-g72nj-f33d9ad08fa6a551c2db91abec86282e av_one_third  avia-builder-el-5  el_after_av_two_third  avia-builder-el-last  flex_column_div av-animated-generic bottom-to-top av-zero-column-padding  '     ><section  class='av_textblock_section av-agl0f-2b17ca25d7bf65d72d13d7da14eb1314 '   itemscope=\"itemscope\" itemtype=\"https:\/\/schema.org\/CreativeWork\" ><div class='avia_textblock'  itemprop=\"text\" ><p><strong>Adresse<\/strong><\/p>\n<p>Calle Can Negoci, 18<\/p>\n<p>Pol. Ind. Can Negoci<br \/>\n08310 Argentona, Barcelona (SPAIN)<\/p>\n<p><strong>Contacter<\/strong><\/p>\n<p>ventas@autex-int.com<br \/>\n<span class=\"Titulo_Pequeno\">T\u00e9l\u00e9phone:<\/span> (34) 93 758 93 25<\/p>\n<p><strong>Horaire:<\/strong><\/p>\n<p>Lu-Ve: 8:00-19:00<br \/>\nSa: 8:00-14:00<\/p>\n<\/div><\/section><\/div><\/p>\n","protected":false},"excerpt":{"rendered":"","protected":false},"author":1,"featured_media":0,"parent":0,"menu_order":5,"comment_status":"closed","ping_status":"closed","template":"","meta":{"footnotes":""},"class_list":["post-887","page","type-page","status-publish","hentry"],"yoast_head":"<!-- This site is optimized with the Yoast SEO plugin v27.4 - https:\/\/yoast.com\/product\/yoast-seo-wordpress\/ -->\n<title>Contacter - Autex-Int<\/title>\n<meta name=\"robots\" content=\"index, follow, max-snippet:-1, max-image-preview:large, max-video-preview:-1\" \/>\n<link rel=\"canonical\" href=\"https:\/\/autex-int.com\/fr\/contacto\/\" \/>\n<meta property=\"og:locale\" content=\"fr_FR\" \/>\n<meta property=\"og:type\" content=\"article\" \/>\n<meta property=\"og:title\" content=\"Contacter - Autex-Int\" \/>\n<meta property=\"og:url\" content=\"https:\/\/autex-int.com\/fr\/contacto\/\" \/>\n<meta property=\"og:site_name\" content=\"Autex-Int\" \/>\n<meta property=\"article:modified_time\" content=\"2026-02-19T08:36:46+00:00\" \/>\n<meta name=\"twitter:card\" content=\"summary_large_image\" \/>\n<meta name=\"twitter:label1\" content=\"Dur\u00e9e de lecture estim\u00e9e\" \/>\n\t<meta name=\"twitter:data1\" content=\"1 minute\" \/>\n<script type=\"application\/ld+json\" class=\"yoast-schema-graph\">{\"@context\":\"https:\\\/\\\/schema.org\",\"@graph\":[{\"@type\":\"WebPage\",\"@id\":\"https:\\\/\\\/autex-int.com\\\/fr\\\/contacto\\\/\",\"url\":\"https:\\\/\\\/autex-int.com\\\/fr\\\/contacto\\\/\",\"name\":\"Contacter - Autex-Int\",\"isPartOf\":{\"@id\":\"https:\\\/\\\/autex-int.com\\\/#website\"},\"datePublished\":\"2015-10-15T15:32:40+00:00\",\"dateModified\":\"2026-02-19T08:36:46+00:00\",\"breadcrumb\":{\"@id\":\"https:\\\/\\\/autex-int.com\\\/fr\\\/contacto\\\/#breadcrumb\"},\"inLanguage\":\"fr-FR\",\"potentialAction\":[{\"@type\":\"ReadAction\",\"target\":[\"https:\\\/\\\/autex-int.com\\\/fr\\\/contacto\\\/\"]}]},{\"@type\":\"BreadcrumbList\",\"@id\":\"https:\\\/\\\/autex-int.com\\\/fr\\\/contacto\\\/#breadcrumb\",\"itemListElement\":[{\"@type\":\"ListItem\",\"position\":1,\"name\":\"Portada\",\"item\":\"https:\\\/\\\/autex-int.com\\\/fr\\\/home\\\/\"},{\"@type\":\"ListItem\",\"position\":2,\"name\":\"Contacter\"}]},{\"@type\":\"WebSite\",\"@id\":\"https:\\\/\\\/autex-int.com\\\/#website\",\"url\":\"https:\\\/\\\/autex-int.com\\\/\",\"name\":\"Autex-Int\",\"description\":\"\",\"potentialAction\":[{\"@type\":\"SearchAction\",\"target\":{\"@type\":\"EntryPoint\",\"urlTemplate\":\"https:\\\/\\\/autex-int.com\\\/?s={search_term_string}\"},\"query-input\":{\"@type\":\"PropertyValueSpecification\",\"valueRequired\":true,\"valueName\":\"search_term_string\"}}],\"inLanguage\":\"fr-FR\"}]}<\/script>\n<!-- \/ Yoast SEO plugin. -->","yoast_head_json":{"title":"Contacter - Autex-Int","robots":{"index":"index","follow":"follow","max-snippet":"max-snippet:-1","max-image-preview":"max-image-preview:large","max-video-preview":"max-video-preview:-1"},"canonical":"https:\/\/autex-int.com\/fr\/contacto\/","og_locale":"fr_FR","og_type":"article","og_title":"Contacter - Autex-Int","og_url":"https:\/\/autex-int.com\/fr\/contacto\/","og_site_name":"Autex-Int","article_modified_time":"2026-02-19T08:36:46+00:00","twitter_card":"summary_large_image","twitter_misc":{"Dur\u00e9e de lecture estim\u00e9e":"1 minute"},"schema":{"@context":"https:\/\/schema.org","@graph":[{"@type":"WebPage","@id":"https:\/\/autex-int.com\/fr\/contacto\/","url":"https:\/\/autex-int.com\/fr\/contacto\/","name":"Contacter - Autex-Int","isPartOf":{"@id":"https:\/\/autex-int.com\/#website"},"datePublished":"2015-10-15T15:32:40+00:00","dateModified":"2026-02-19T08:36:46+00:00","breadcrumb":{"@id":"https:\/\/autex-int.com\/fr\/contacto\/#breadcrumb"},"inLanguage":"fr-FR","potentialAction":[{"@type":"ReadAction","target":["https:\/\/autex-int.com\/fr\/contacto\/"]}]},{"@type":"BreadcrumbList","@id":"https:\/\/autex-int.com\/fr\/contacto\/#breadcrumb","itemListElement":[{"@type":"ListItem","position":1,"name":"Portada","item":"https:\/\/autex-int.com\/fr\/home\/"},{"@type":"ListItem","position":2,"name":"Contacter"}]},{"@type":"WebSite","@id":"https:\/\/autex-int.com\/#website","url":"https:\/\/autex-int.com\/","name":"Autex-Int","description":"","potentialAction":[{"@type":"SearchAction","target":{"@type":"EntryPoint","urlTemplate":"https:\/\/autex-int.com\/?s={search_term_string}"},"query-input":{"@type":"PropertyValueSpecification","valueRequired":true,"valueName":"search_term_string"}}],"inLanguage":"fr-FR"}]}},"_links":{"self":[{"href":"https:\/\/autex-int.com\/fr\/wp-json\/wp\/v2\/pages\/887","targetHints":{"allow":["GET"]}}],"collection":[{"href":"https:\/\/autex-int.com\/fr\/wp-json\/wp\/v2\/pages"}],"about":[{"href":"https:\/\/autex-int.com\/fr\/wp-json\/wp\/v2\/types\/page"}],"author":[{"embeddable":true,"href":"https:\/\/autex-int.com\/fr\/wp-json\/wp\/v2\/users\/1"}],"replies":[{"embeddable":true,"href":"https:\/\/autex-int.com\/fr\/wp-json\/wp\/v2\/comments?post=887"}],"version-history":[{"count":0,"href":"https:\/\/autex-int.com\/fr\/wp-json\/wp\/v2\/pages\/887\/revisions"}],"wp:attachment":[{"href":"https:\/\/autex-int.com\/fr\/wp-json\/wp\/v2\/media?parent=887"}],"curies":[{"name":"wp","href":"https:\/\/api.w.org\/{rel}","templated":true}]}}